{"id":24,"date":"2024-03-15T10:40:33","date_gmt":"2024-03-15T10:40:33","guid":{"rendered":"https:\/\/stirlingsoil.com\/?page_id=24"},"modified":"2026-03-24T08:10:28","modified_gmt":"2026-03-24T08:10:28","slug":"contact","status":"publish","type":"page","link":"https:\/\/stirlingsglobal.com\/da\/contact\/","title":{"rendered":"Kontakt"},"content":{"rendered":"<div data-elementor-type=\"wp-page\" data-elementor-id=\"24\" class=\"elementor elementor-24\" wpc-filter-elementor-widget=\"1\" data-elementor-post-type=\"page\">\n\t\t\t\t<div class=\"elementor-element elementor-element-851a399 e-flex e-con-boxed e-con e-parent\" data-id=\"851a399\" data-element_type=\"container\" data-e-type=\"container\">\n\t\t\t\t\t<div class=\"e-con-inner\">\n\t\t<div class=\"elementor-element elementor-element-1eea4a8 e-flex e-con-boxed e-con e-child\" data-id=\"1eea4a8\" data-element_type=\"container\" data-e-type=\"container\">\n\t\t\t\t\t<div class=\"e-con-inner\">\n\t\t<div class=\"elementor-element elementor-element-31e1fcf e-flex e-con-boxed e-con e-child\" data-id=\"31e1fcf\" data-element_type=\"container\" data-e-type=\"container\">\n\t\t\t\t\t<div class=\"e-con-inner\">\n\t\t\t\t<div class=\"elementor-element elementor-element-a4379ce elementor-widget elementor-widget-heading\" data-id=\"a4379ce\" data-element_type=\"widget\" data-e-type=\"widget\" data-widget_type=\"heading.default\">\n\t\t\t\t<div class=\"elementor-widget-container\">\n\t\t\t\t\t<h6 class=\"elementor-heading-title elementor-size-default\"><a href=\"\/da\/\"><b>Hjem<\/b><\/a><\/h6>\t\t\t\t<\/div>\n\t\t\t\t<\/div>\n\t\t\t\t<div class=\"elementor-element elementor-element-ee27a19 elementor-widget elementor-widget-heading\" data-id=\"ee27a19\" data-element_type=\"widget\" data-e-type=\"widget\" data-widget_type=\"heading.default\">\n\t\t\t\t<div class=\"elementor-widget-container\">\n\t\t\t\t\t<h6 class=\"elementor-heading-title elementor-size-default\">\/<\/h6>\t\t\t\t<\/div>\n\t\t\t\t<\/div>\n\t\t\t\t<div class=\"elementor-element elementor-element-9a117ed elementor-widget elementor-widget-heading\" data-id=\"9a117ed\" data-element_type=\"widget\" data-e-type=\"widget\" data-widget_type=\"heading.default\">\n\t\t\t\t<div class=\"elementor-widget-container\">\n\t\t\t\t\t<h6 class=\"elementor-heading-title elementor-size-default\">Kontakt<\/h6>\t\t\t\t<\/div>\n\t\t\t\t<\/div>\n\t\t\t\t\t<\/div>\n\t\t\t\t<\/div>\n\t\t\t\t<div class=\"elementor-element elementor-element-fc0954e elementor-widget elementor-widget-text-editor\" data-id=\"fc0954e\" data-element_type=\"widget\" data-e-type=\"widget\" data-widget_type=\"text-editor.default\">\n\t\t\t\t<div class=\"elementor-widget-container\">\n\t\t\t\t\t\t\t\t\t<p>Vil du begynde at arbejde hos os, eller har du sp\u00f8rgsm\u00e5l til et af vores produkter?<br \/>Vi er her for at hj\u00e6lpe dig med dine sp\u00f8rgsm\u00e5l og er altid glade for at f\u00e5 og give dig feedback.<\/p><p><strong>Stirlings Global B.V.<\/strong><br \/>Zevenkampse Ring 342b<br \/>3068 HG Rotterdam<br \/>Holland<\/p><p><a href=\"tel:+310858223039\">Tlf.: +31 (0) 85 822 3039<\/a><\/p><p><a href=\"mailto:sales@stirlingsglobal.com\">sales@stirlingsglobal.com<\/a><\/p>\t\t\t\t\t\t\t\t<\/div>\n\t\t\t\t<\/div>\n\t\t\t\t\t<\/div>\n\t\t\t\t<\/div>\n\t\t<div class=\"elementor-element elementor-element-dccf9fd e-flex e-con-boxed e-con e-child\" data-id=\"dccf9fd\" data-element_type=\"container\" data-e-type=\"container\">\n\t\t\t\t\t<div class=\"e-con-inner\">\n\t\t\t\t<div class=\"elementor-element elementor-element-b497604 elementor-widget elementor-widget-heading\" data-id=\"b497604\" data-element_type=\"widget\" data-e-type=\"widget\" data-widget_type=\"heading.default\">\n\t\t\t\t<div class=\"elementor-widget-container\">\n\t\t\t\t\t<h6 class=\"elementor-heading-title elementor-size-default\">KONTAKTMULIGHEDER<\/h6>\t\t\t\t<\/div>\n\t\t\t\t<\/div>\n\t\t\t\t<div class=\"elementor-element elementor-element-404700f elementor-widget elementor-widget-text-editor\" data-id=\"404700f\" data-element_type=\"widget\" data-e-type=\"widget\" data-widget_type=\"text-editor.default\">\n\t\t\t\t<div class=\"elementor-widget-container\">\n\t\t\t\t\t\t\t\t\t<p>V\u00e6lg venligst en af de kontaktformularer, der passer bedst til dig:<\/p>\t\t\t\t\t\t\t\t<\/div>\n\t\t\t\t<\/div>\n\t\t<div class=\"elementor-element elementor-element-bf3f48e e-flex e-con-boxed e-con e-child\" data-id=\"bf3f48e\" data-element_type=\"container\" data-e-type=\"container\">\n\t\t\t\t\t<div class=\"e-con-inner\">\n\t\t\t\t<div class=\"elementor-element elementor-element-7f1ff1e elementor-align-left elementor-mobile-align-left elementor-widget elementor-widget-button\" data-id=\"7f1ff1e\" data-element_type=\"widget\" data-e-type=\"widget\" data-widget_type=\"button.default\">\n\t\t\t\t<div class=\"elementor-widget-container\">\n\t\t\t\t\t\t\t\t\t<div class=\"elementor-button-wrapper\">\n\t\t\t\t\t<a class=\"elementor-button elementor-button-link elementor-size-sm elementor-animation-float\" href=\"#elementor-action%3Aaction%3Dpopup%3Aopen%26settings%3DeyJpZCI6IjExMTUiLCJ0b2dnbGUiOmZhbHNlfQ%3D%3D\">\n\t\t\t\t\t\t<span class=\"elementor-button-content-wrapper\">\n\t\t\t\t\t\t\t\t\t<span class=\"elementor-button-text\"><b><i>jeg har en<\/i><\/b> generelt sp\u00f8rgsm\u00e5l<\/span>\n\t\t\t\t\t<\/span>\n\t\t\t\t\t<\/a>\n\t\t\t\t<\/div>\n\t\t\t\t\t\t\t\t<\/div>\n\t\t\t\t<\/div>\n\t\t\t\t\t<\/div>\n\t\t\t\t<\/div>\n\t\t<div class=\"elementor-element elementor-element-e8b5568 e-flex e-con-boxed e-con e-child\" data-id=\"e8b5568\" data-element_type=\"container\" data-e-type=\"container\">\n\t\t\t\t\t<div class=\"e-con-inner\">\n\t\t\t\t<div class=\"elementor-element elementor-element-35f41a2 elementor-align-left elementor-widget elementor-widget-button\" data-id=\"35f41a2\" data-element_type=\"widget\" data-e-type=\"widget\" data-widget_type=\"button.default\">\n\t\t\t\t<div class=\"elementor-widget-container\">\n\t\t\t\t\t\t\t\t\t<div class=\"elementor-button-wrapper\">\n\t\t\t\t\t<a class=\"elementor-button elementor-button-link elementor-size-sm elementor-animation-float\" href=\"#elementor-action%3Aaction%3Dpopup%3Aopen%26settings%3DeyJpZCI6IjExMzgiLCJ0b2dnbGUiOmZhbHNlfQ%3D%3D\">\n\t\t\t\t\t\t<span class=\"elementor-button-content-wrapper\">\n\t\t\t\t\t\t\t\t\t<span class=\"elementor-button-text\"><b><i>Blive<\/i><\/b> en distribut\u00f8r<\/span>\n\t\t\t\t\t<\/span>\n\t\t\t\t\t<\/a>\n\t\t\t\t<\/div>\n\t\t\t\t\t\t\t\t<\/div>\n\t\t\t\t<\/div>\n\t\t\t\t\t<\/div>\n\t\t\t\t<\/div>\n\t\t\t\t\t<\/div>\n\t\t\t\t<\/div>\n\t\t\t\t\t<\/div>\n\t\t\t\t<\/div>\n\t\t<div class=\"elementor-element elementor-element-d276db7 e-con-full e-flex e-con e-parent\" data-id=\"d276db7\" data-element_type=\"container\" data-e-type=\"container\" data-settings=\"{&quot;background_background&quot;:&quot;classic&quot;}\">\n\t\t\t\t<\/div>\n\t\t\t\t<\/div>","protected":false},"excerpt":{"rendered":"<p>Home \/ Contact Do you want to start working with us or do you have a question about one of our products?We are here to help you with your questions and are always happy to get and give you feedback. Stirlings Global B.V.Zevenkampse Ring 342b3068 HG RotterdamThe Netherlands Tel: +31 (0) 85 822 3039 sales@stirlingsglobal.com [&hellip;]<\/p>\n","protected":false},"author":1,"featured_media":0,"parent":0,"menu_order":0,"comment_status":"closed","ping_status":"closed","template":"","meta":{"_acf_changed":false,"footnotes":""},"class_list":["post-24","page","type-page","status-publish","hentry"],"acf":[],"yoast_head":"<!-- This site is optimized with the Yoast SEO plugin v27.5 - https:\/\/yoast.com\/product\/yoast-seo-wordpress\/ -->\n<title>Contact - Stirlings Global<\/title>\n<meta name=\"robots\" content=\"index, follow, max-snippet:-1, max-image-preview:large, max-video-preview:-1\" \/>\n<link rel=\"canonical\" href=\"https:\/\/stirlingsglobal.com\/da\/contact\/\" \/>\n<meta property=\"og:locale\" content=\"da_DK\" \/>\n<meta property=\"og:type\" content=\"article\" \/>\n<meta property=\"og:title\" content=\"Contact - Stirlings Global\" \/>\n<meta property=\"og:description\" content=\"Home \/ Contact Do you want to start working with us or do you have a question about one of our products?We are here to help you with your questions and are always happy to get and give you feedback. Stirlings Global B.V.Zevenkampse Ring 342b3068 HG RotterdamThe Netherlands Tel: +31 (0) 85 822 3039 sales@stirlingsglobal.com [&hellip;]\" \/>\n<meta property=\"og:url\" content=\"https:\/\/stirlingsglobal.com\/da\/contact\/\" \/>\n<meta property=\"og:site_name\" content=\"Stirlings Global\" \/>\n<meta property=\"article:modified_time\" content=\"2026-03-24T08:10:28+00:00\" \/>\n<meta name=\"twitter:card\" content=\"summary_large_image\" \/>\n<meta name=\"twitter:label1\" content=\"Estimeret l\u00e6setid\" \/>\n\t<meta name=\"twitter:data1\" content=\"1 minut\" \/>\n<script type=\"application\/ld+json\" class=\"yoast-schema-graph\">{\"@context\":\"https:\\\/\\\/schema.org\",\"@graph\":[{\"@type\":\"WebPage\",\"@id\":\"https:\\\/\\\/stirlingsglobal.com\\\/contact\\\/\",\"url\":\"https:\\\/\\\/stirlingsglobal.com\\\/contact\\\/\",\"name\":\"Contact - Stirlings Global\",\"isPartOf\":{\"@id\":\"https:\\\/\\\/stirlingsglobal.com\\\/#website\"},\"datePublished\":\"2024-03-15T10:40:33+00:00\",\"dateModified\":\"2026-03-24T08:10:28+00:00\",\"breadcrumb\":{\"@id\":\"https:\\\/\\\/stirlingsglobal.com\\\/contact\\\/#breadcrumb\"},\"inLanguage\":\"da-DK\",\"potentialAction\":[{\"@type\":\"ReadAction\",\"target\":[\"https:\\\/\\\/stirlingsglobal.com\\\/contact\\\/\"]}]},{\"@type\":\"BreadcrumbList\",\"@id\":\"https:\\\/\\\/stirlingsglobal.com\\\/contact\\\/#breadcrumb\",\"itemListElement\":[{\"@type\":\"ListItem\",\"position\":1,\"name\":\"Home\",\"item\":\"https:\\\/\\\/stirlingsglobal.com\\\/\"},{\"@type\":\"ListItem\",\"position\":2,\"name\":\"Contact\"}]},{\"@type\":\"WebSite\",\"@id\":\"https:\\\/\\\/stirlingsglobal.com\\\/#website\",\"url\":\"https:\\\/\\\/stirlingsglobal.com\\\/\",\"name\":\"Stirlings Oil\",\"description\":\"Legendary lubricants\",\"publisher\":{\"@id\":\"https:\\\/\\\/stirlingsglobal.com\\\/#organization\"},\"potentialAction\":[{\"@type\":\"SearchAction\",\"target\":{\"@type\":\"EntryPoint\",\"urlTemplate\":\"https:\\\/\\\/stirlingsglobal.com\\\/?s={search_term_string}\"},\"query-input\":{\"@type\":\"PropertyValueSpecification\",\"valueRequired\":true,\"valueName\":\"search_term_string\"}}],\"inLanguage\":\"da-DK\"},{\"@type\":\"Organization\",\"@id\":\"https:\\\/\\\/stirlingsglobal.com\\\/#organization\",\"name\":\"Stirlings Oil\",\"url\":\"https:\\\/\\\/stirlingsglobal.com\\\/\",\"logo\":{\"@type\":\"ImageObject\",\"inLanguage\":\"da-DK\",\"@id\":\"https:\\\/\\\/stirlingsglobal.com\\\/#\\\/schema\\\/logo\\\/image\\\/\",\"url\":\"https:\\\/\\\/stirlingsglobal.com\\\/wp-content\\\/uploads\\\/2024\\\/03\\\/220228_STI_oplever_file_Logo_01.png\",\"contentUrl\":\"https:\\\/\\\/stirlingsglobal.com\\\/wp-content\\\/uploads\\\/2024\\\/03\\\/220228_STI_oplever_file_Logo_01.png\",\"width\":2809,\"height\":1152,\"caption\":\"Stirlings Oil\"},\"image\":{\"@id\":\"https:\\\/\\\/stirlingsglobal.com\\\/#\\\/schema\\\/logo\\\/image\\\/\"},\"sameAs\":[\"https:\\\/\\\/www.instagram.com\\\/stirlingsoil\\\/\"]}]}<\/script>\n<!-- \/ Yoast SEO plugin. -->","yoast_head_json":{"title":"Contact - Stirlings Global","robots":{"index":"index","follow":"follow","max-snippet":"max-snippet:-1","max-image-preview":"max-image-preview:large","max-video-preview":"max-video-preview:-1"},"canonical":"https:\/\/stirlingsglobal.com\/da\/contact\/","og_locale":"da_DK","og_type":"article","og_title":"Contact - Stirlings Global","og_description":"Home \/ Contact Do you want to start working with us or do you have a question about one of our products?We are here to help you with your questions and are always happy to get and give you feedback. Stirlings Global B.V.Zevenkampse Ring 342b3068 HG RotterdamThe Netherlands Tel: +31 (0) 85 822 3039 sales@stirlingsglobal.com [&hellip;]","og_url":"https:\/\/stirlingsglobal.com\/da\/contact\/","og_site_name":"Stirlings Global","article_modified_time":"2026-03-24T08:10:28+00:00","twitter_card":"summary_large_image","twitter_misc":{"Estimeret l\u00e6setid":"1 minut"},"schema":{"@context":"https:\/\/schema.org","@graph":[{"@type":"WebPage","@id":"https:\/\/stirlingsglobal.com\/contact\/","url":"https:\/\/stirlingsglobal.com\/contact\/","name":"Contact - Stirlings Global","isPartOf":{"@id":"https:\/\/stirlingsglobal.com\/#website"},"datePublished":"2024-03-15T10:40:33+00:00","dateModified":"2026-03-24T08:10:28+00:00","breadcrumb":{"@id":"https:\/\/stirlingsglobal.com\/contact\/#breadcrumb"},"inLanguage":"da-DK","potentialAction":[{"@type":"ReadAction","target":["https:\/\/stirlingsglobal.com\/contact\/"]}]},{"@type":"BreadcrumbList","@id":"https:\/\/stirlingsglobal.com\/contact\/#breadcrumb","itemListElement":[{"@type":"ListItem","position":1,"name":"Home","item":"https:\/\/stirlingsglobal.com\/"},{"@type":"ListItem","position":2,"name":"Contact"}]},{"@type":"WebSite","@id":"https:\/\/stirlingsglobal.com\/#website","url":"https:\/\/stirlingsglobal.com\/","name":"Stirlings olie","description":"Legendariske sm\u00f8remidler","publisher":{"@id":"https:\/\/stirlingsglobal.com\/#organization"},"potentialAction":[{"@type":"SearchAction","target":{"@type":"EntryPoint","urlTemplate":"https:\/\/stirlingsglobal.com\/?s={search_term_string}"},"query-input":{"@type":"PropertyValueSpecification","valueRequired":true,"valueName":"search_term_string"}}],"inLanguage":"da-DK"},{"@type":"Organization","@id":"https:\/\/stirlingsglobal.com\/#organization","name":"Stirlings olie","url":"https:\/\/stirlingsglobal.com\/","logo":{"@type":"ImageObject","inLanguage":"da-DK","@id":"https:\/\/stirlingsglobal.com\/#\/schema\/logo\/image\/","url":"https:\/\/stirlingsglobal.com\/wp-content\/uploads\/2024\/03\/220228_STI_oplever_file_Logo_01.png","contentUrl":"https:\/\/stirlingsglobal.com\/wp-content\/uploads\/2024\/03\/220228_STI_oplever_file_Logo_01.png","width":2809,"height":1152,"caption":"Stirlings Oil"},"image":{"@id":"https:\/\/stirlingsglobal.com\/#\/schema\/logo\/image\/"},"sameAs":["https:\/\/www.instagram.com\/stirlingsoil\/"]}]}},"_links":{"self":[{"href":"https:\/\/stirlingsglobal.com\/da\/wp-json\/wp\/v2\/pages\/24","targetHints":{"allow":["GET"]}}],"collection":[{"href":"https:\/\/stirlingsglobal.com\/da\/wp-json\/wp\/v2\/pages"}],"about":[{"href":"https:\/\/stirlingsglobal.com\/da\/wp-json\/wp\/v2\/types\/page"}],"author":[{"embeddable":true,"href":"https:\/\/stirlingsglobal.com\/da\/wp-json\/wp\/v2\/users\/1"}],"replies":[{"embeddable":true,"href":"https:\/\/stirlingsglobal.com\/da\/wp-json\/wp\/v2\/comments?post=24"}],"version-history":[{"count":67,"href":"https:\/\/stirlingsglobal.com\/da\/wp-json\/wp\/v2\/pages\/24\/revisions"}],"predecessor-version":[{"id":4517,"href":"https:\/\/stirlingsglobal.com\/da\/wp-json\/wp\/v2\/pages\/24\/revisions\/4517"}],"wp:attachment":[{"href":"https:\/\/stirlingsglobal.com\/da\/wp-json\/wp\/v2\/media?parent=24"}],"curies":[{"name":"wp","href":"https:\/\/api.w.org\/{rel}","templated":true}]}}