{"id":32,"date":"2024-03-15T10:42:42","date_gmt":"2024-03-15T10:42:42","guid":{"rendered":"https:\/\/stirlingsoil.com\/?page_id=32"},"modified":"2024-03-26T10:40:06","modified_gmt":"2024-03-26T10:40:06","slug":"privacy-policy","status":"publish","type":"page","link":"https:\/\/stirlingsglobal.com\/da\/privacy-policy\/","title":{"rendered":"Fortrolighedspolitik"},"content":{"rendered":"<div data-elementor-type=\"wp-page\" data-elementor-id=\"32\" class=\"elementor elementor-32\" wpc-filter-elementor-widget=\"1\" data-elementor-post-type=\"page\">\n\t\t\t\t<div class=\"elementor-element elementor-element-647a3cd e-flex e-con-boxed e-con e-parent\" data-id=\"647a3cd\" data-element_type=\"container\" data-e-type=\"container\">\n\t\t\t\t\t<div class=\"e-con-inner\">\n\t\t\t\t<div class=\"elementor-element elementor-element-a85f4d9 elementor-widget elementor-widget-text-editor\" data-id=\"a85f4d9\" data-element_type=\"widget\" data-e-type=\"widget\" data-widget_type=\"text-editor.default\">\n\t\t\t\t<div class=\"elementor-widget-container\">\n\t\t\t\t\t\t\t\t\t<div>Hos Stirlings Oil er vi bevidste om, at du som bes\u00f8gende i nogle tilf\u00e6lde har tillid til, at vi h\u00e5ndterer dine personlige data. Vi ser det som vores v\u00e6sentlige ansvar altid at beskytte dit privatliv. P\u00e5 denne side vil vi vise dig, hvilke specifikke data om dig, der indsamles af vores hjemmeside(r), og hvad de bruges til. I alle tilf\u00e6lde er vores m\u00e5l altid at forbedre din oplevelse som bes\u00f8gende p\u00e5 vores hjemmeside og Stirlings Oil-tjenesterne.<\/div><p>\u00a0<\/p><div>Denne fortrolighedserkl\u00e6ring g\u00e6lder for tjenester fra Stirlings Oil. V\u00e6r venligst opm\u00e6rksom p\u00e5, at Stirlings Oil ikke er ansvarlig for den m\u00e5de, andre websteder eller datakilder h\u00e5ndterer dit personlige privatliv p\u00e5. Ved at bruge vores hjemmeside og acceptere vores cookie-indstillinger accepterer du vores fortrolighedspolitik.<\/div><p>\u00a0<\/p><div>Stirlings Oil respekterer privatlivets fred for hver relation og bes\u00f8gende p\u00e5 vores hjemmesider og sikrer altid at behandle disse oplysninger p\u00e5 en fortrolig m\u00e5de.<\/div><p>\u00a0<\/p><div>Hvor bruger vi dataene til?<\/div><p>\u00a0<\/p><div>1. Brug af vores tjenester:<\/div><div>N\u00e5r du ans\u00f8ger om oplysninger om et eller flere af vores produkter eller tjenester, kan vi bede dig om at give os nogle personlige data. Disse data bruges udelukkende til at opfylde din anmodning p\u00e5 den bedste m\u00e5de. Dataene gemmes p\u00e5 en sikker server hos en betroet partner af Stirlings Oil. Vi kombinerer ikke disse data med andre data, vi har adgang til, udover at hj\u00e6lpe dig p\u00e5 den bedste m\u00e5de med din anmodning.<\/div><p>\u00a0<\/p><div>2. Kommunikation:<\/div><div>N\u00e5r du sender en e-mail til os eller bruger et andet medie til at kontakte os, er der mulighed for, at vi gemmer din kommunikation. I nogle tilf\u00e6lde beder vi om dine personlige oplysninger, hvis disse er relevante i den givne situation. Dette er n\u00f8dvendigt for, at vi kan behandle din anmodning og besvare dine sp\u00f8rgsm\u00e5l. Dataene gemmes p\u00e5 en sikker server hos en betroet partner af Stirlings Oil. Vi kombinerer ikke disse data med andre data, vi har adgang til, udover at hj\u00e6lpe dig p\u00e5 den bedste m\u00e5de med din anmodning.<\/div><p>\u00a0<\/p><div>3. Cookies<\/div><div>Stirlings Oil indsamler information fra dit bes\u00f8g p\u00e5 hjemmesiden for at forbedre vores indsigt i vores bes\u00f8gendes behov og \u00f8nsker og forbedre brugervenligheden. P\u00e5 denne m\u00e5de kan vi bedre tilpasse vores tjenester til dig. Vores hjemmesider bruger cookies (sm\u00e5 tekstfiler, der placeres p\u00e5 din computer) til at analysere brugen af hjemmesiden. De oplysninger, der genereres af vores cookies om brugen af vores hjemmeside, sendes til en sikker server hos vores betroede partner. Vi bruger disse data til at holde orienteret om, hvordan du som bes\u00f8gende bruger vores hjemmeside, til at lave rapporter om brug af hjemmesiden og til at tilbyde andre tjenester baseret p\u00e5 hjemmeside- og internetaktivitet. Du kan l\u00e6se mere om vores cookies i vores cookieerkl\u00e6ring.<\/div><p>\u00a0<\/p><div>4. Form\u00e5l<\/div><div>Vi indsamler ikke data til andre form\u00e5l end beskrevet i denne fortrolighedserkl\u00e6ring, medmindre vi specifikt informerer dig om dette og beder om tilladelse fra dig.<\/div><p>\u00a0<\/p><div>5. Varighed<\/div><div>Vi gemmer dine personoplysninger i overensstemmelse med vores interne dataopbevaringspolitik (se cookieerkl\u00e6ring), eller s\u00e5 l\u00e6nge der er en relevant relation mellem dig og vores virksomhed, eller hvor l\u00e6nge vi er juridisk forpligtet til at opbevare dataene.<\/div><p>\u00a0<\/p><div>6. Tredjeparter<\/div><div>Oplysningerne deles ikke med andre tredjeparter end officielle autoriserede Stirlings Oil-partnere, som vi har aftalt en partnerkontrakt med. I visse tilf\u00e6lde kan dine oplysninger blive delt internt i Stirlings Oil. Vores kolleger er ogs\u00e5 forpligtet til at respektere dit privatliv til enhver tid.<\/div><p>\u00a0<\/p><div>7. \u00c6ndringer<\/div><div>Denne fortrolighedserkl\u00e6ring er tilpasset brugen og mulighederne p\u00e5 denne hjemmeside. Mulige \u00e6ndringer eller justeringer af denne hjemmeside kan f\u00f8re til \u00e6ndringer i denne fortrolighedserkl\u00e6ring. Vi r\u00e5der dig derfor til regelm\u00e6ssigt at tjekke denne fortrolighedserkl\u00e6ring.<\/div><p>\u00a0<\/p><div>8. Personlige data muligheder<\/div><div>Vi tilbyder alle bes\u00f8gende p\u00e5 vores hjemmesider muligheden for at gennemg\u00e5, \u00e6ndre eller slette alle personlige data, der i \u00f8jeblikket er givet til Stirlings Oil<\/div><p>\u00a0<\/p><div>9. Skift data eller afmeld<\/div><div>N\u00e5r du \u00f8nsker at \u00e6ndre dine data, der er gemt p\u00e5 vores sikre server, eller du \u00f8nsker at afmelde dig vores mailinglister eller andre kommunikationsmidler, kan du altid kontakte os via kontaktoplysningerne nedenfor.<\/div><p>\u00a0<\/p><div>10. Sluk cookies<\/div><div>De fleste internetbrowsere er indstillet til at acceptere cookies som standard. Du kan altid nulstille dine browserindstillinger for at afvise cookies eller altid at modtage en besked, n\u00e5r en cookie placeres. Som et resultat af dette kan nogle funktioner eller tjenester p\u00e5 vores hjemmeside muligvis ikke fungere korrekt p\u00e5 grund af de \u00e6ndrede cookieindstillinger.<\/div><p>\u00a0<\/p><div>11. Ingen data om personer under 16 \u00e5r<\/div><div>Vi har ikke til hensigt at indsamle data om personer, der er yngre end 16 \u00e5r. Vi r\u00e5der for\u00e6ldre eller ansvarlige \u00e6ldre til at v\u00e6re involveret og v\u00e6re bevidste om deres b\u00f8rns onlineaktiviteter.<\/div><p>\u00a0<\/p><div>12. Beskyttelse og sikkerhed af dine data<\/div><div>Stirlings Oil anvender passende og rimelige sikkerhedsforanstaltninger for at forhindre misbrug, tab, ulovlig adgang, u\u00f8nsket offentligg\u00f8relse eller uregelm\u00e6ssige \u00e6ndringer af dine data s\u00e5 meget som muligt. Stirlings Oil har b\u00e5de organisatoriske og tekniske foranstaltninger p\u00e5 plads for at sikre dit privatliv. Disse foranstaltninger revideres med j\u00e6vne mellemrum.<\/div><p>\u00a0<\/p><div>13. Sp\u00f8rgsm\u00e5l og feedback<\/div><div>Hos Stirlings Oil tjekker vi regelm\u00e6ssigt vores fortrolighedserkl\u00e6ring og tjekker, om den stadig er kompatibel med de seneste regler om beskyttelse af personlige oplysninger i henhold til loven. Hvis du har sp\u00f8rgsm\u00e5l om vores fortrolighedserkl\u00e6ring eller m\u00e5den vores hjemmeside fungerer p\u00e5 p\u00e5 grund af disse indstillinger, kan du kontakte os via:<\/div><p>\u00a0<\/p><div>Stirlings olie<\/div><p>\u00a0<\/p><div>info@stirlingsoil.com<\/div>\t\t\t\t\t\t\t\t<\/div>\n\t\t\t\t<\/div>\n\t\t\t\t\t<\/div>\n\t\t\t\t<\/div>\n\t\t\t\t<\/div>","protected":false},"excerpt":{"rendered":"<p>At Stirlings Oil, we are conscious of the fact that, in some cases you as a visitor put faith in us to handle your personal data. We see it as our essential responsibility to always protect your privacy. On this page we will show you what specific data of you is collected by our website(s) [&hellip;]<\/p>\n","protected":false},"author":1,"featured_media":0,"parent":0,"menu_order":0,"comment_status":"closed","ping_status":"closed","template":"","meta":{"_acf_changed":false,"footnotes":""},"class_list":["post-32","page","type-page","status-publish","hentry"],"acf":[],"yoast_head":"<!-- This site is optimized with the Yoast SEO plugin v27.5 - https:\/\/yoast.com\/product\/yoast-seo-wordpress\/ -->\n<title>Privacy Policy - Stirlings Global<\/title>\n<meta name=\"robots\" content=\"index, follow, max-snippet:-1, max-image-preview:large, max-video-preview:-1\" \/>\n<link rel=\"canonical\" href=\"https:\/\/stirlingsglobal.com\/da\/privacy-policy\/\" \/>\n<meta property=\"og:locale\" content=\"da_DK\" \/>\n<meta property=\"og:type\" content=\"article\" \/>\n<meta property=\"og:title\" content=\"Privacy Policy - Stirlings Global\" \/>\n<meta property=\"og:description\" content=\"At Stirlings Oil, we are conscious of the fact that, in some cases you as a visitor put faith in us to handle your personal data. We see it as our essential responsibility to always protect your privacy. On this page we will show you what specific data of you is collected by our website(s) [&hellip;]\" \/>\n<meta property=\"og:url\" content=\"https:\/\/stirlingsglobal.com\/da\/privacy-policy\/\" \/>\n<meta property=\"og:site_name\" content=\"Stirlings Global\" \/>\n<meta property=\"article:modified_time\" content=\"2024-03-26T10:40:06+00:00\" \/>\n<meta name=\"twitter:card\" content=\"summary_large_image\" \/>\n<meta name=\"twitter:label1\" content=\"Estimeret l\u00e6setid\" \/>\n\t<meta name=\"twitter:data1\" content=\"4 minutter\" \/>\n<script type=\"application\/ld+json\" class=\"yoast-schema-graph\">{\"@context\":\"https:\\\/\\\/schema.org\",\"@graph\":[{\"@type\":\"WebPage\",\"@id\":\"https:\\\/\\\/stirlingsglobal.com\\\/privacy-policy\\\/\",\"url\":\"https:\\\/\\\/stirlingsglobal.com\\\/privacy-policy\\\/\",\"name\":\"Privacy Policy - Stirlings Global\",\"isPartOf\":{\"@id\":\"https:\\\/\\\/stirlingsglobal.com\\\/#website\"},\"datePublished\":\"2024-03-15T10:42:42+00:00\",\"dateModified\":\"2024-03-26T10:40:06+00:00\",\"breadcrumb\":{\"@id\":\"https:\\\/\\\/stirlingsglobal.com\\\/privacy-policy\\\/#breadcrumb\"},\"inLanguage\":\"da-DK\",\"potentialAction\":[{\"@type\":\"ReadAction\",\"target\":[\"https:\\\/\\\/stirlingsglobal.com\\\/privacy-policy\\\/\"]}]},{\"@type\":\"BreadcrumbList\",\"@id\":\"https:\\\/\\\/stirlingsglobal.com\\\/privacy-policy\\\/#breadcrumb\",\"itemListElement\":[{\"@type\":\"ListItem\",\"position\":1,\"name\":\"Home\",\"item\":\"https:\\\/\\\/stirlingsglobal.com\\\/\"},{\"@type\":\"ListItem\",\"position\":2,\"name\":\"Privacy Policy\"}]},{\"@type\":\"WebSite\",\"@id\":\"https:\\\/\\\/stirlingsglobal.com\\\/#website\",\"url\":\"https:\\\/\\\/stirlingsglobal.com\\\/\",\"name\":\"Stirlings Oil\",\"description\":\"Legendary lubricants\",\"publisher\":{\"@id\":\"https:\\\/\\\/stirlingsglobal.com\\\/#organization\"},\"potentialAction\":[{\"@type\":\"SearchAction\",\"target\":{\"@type\":\"EntryPoint\",\"urlTemplate\":\"https:\\\/\\\/stirlingsglobal.com\\\/?s={search_term_string}\"},\"query-input\":{\"@type\":\"PropertyValueSpecification\",\"valueRequired\":true,\"valueName\":\"search_term_string\"}}],\"inLanguage\":\"da-DK\"},{\"@type\":\"Organization\",\"@id\":\"https:\\\/\\\/stirlingsglobal.com\\\/#organization\",\"name\":\"Stirlings Oil\",\"url\":\"https:\\\/\\\/stirlingsglobal.com\\\/\",\"logo\":{\"@type\":\"ImageObject\",\"inLanguage\":\"da-DK\",\"@id\":\"https:\\\/\\\/stirlingsglobal.com\\\/#\\\/schema\\\/logo\\\/image\\\/\",\"url\":\"https:\\\/\\\/stirlingsglobal.com\\\/wp-content\\\/uploads\\\/2024\\\/03\\\/220228_STI_oplever_file_Logo_01.png\",\"contentUrl\":\"https:\\\/\\\/stirlingsglobal.com\\\/wp-content\\\/uploads\\\/2024\\\/03\\\/220228_STI_oplever_file_Logo_01.png\",\"width\":2809,\"height\":1152,\"caption\":\"Stirlings Oil\"},\"image\":{\"@id\":\"https:\\\/\\\/stirlingsglobal.com\\\/#\\\/schema\\\/logo\\\/image\\\/\"},\"sameAs\":[\"https:\\\/\\\/www.instagram.com\\\/stirlingsoil\\\/\"]}]}<\/script>\n<!-- \/ Yoast SEO plugin. -->","yoast_head_json":{"title":"Privacy Policy - Stirlings Global","robots":{"index":"index","follow":"follow","max-snippet":"max-snippet:-1","max-image-preview":"max-image-preview:large","max-video-preview":"max-video-preview:-1"},"canonical":"https:\/\/stirlingsglobal.com\/da\/privacy-policy\/","og_locale":"da_DK","og_type":"article","og_title":"Privacy Policy - Stirlings Global","og_description":"At Stirlings Oil, we are conscious of the fact that, in some cases you as a visitor put faith in us to handle your personal data. We see it as our essential responsibility to always protect your privacy. On this page we will show you what specific data of you is collected by our website(s) [&hellip;]","og_url":"https:\/\/stirlingsglobal.com\/da\/privacy-policy\/","og_site_name":"Stirlings Global","article_modified_time":"2024-03-26T10:40:06+00:00","twitter_card":"summary_large_image","twitter_misc":{"Estimeret l\u00e6setid":"4 minutter"},"schema":{"@context":"https:\/\/schema.org","@graph":[{"@type":"WebPage","@id":"https:\/\/stirlingsglobal.com\/privacy-policy\/","url":"https:\/\/stirlingsglobal.com\/privacy-policy\/","name":"Privacy Policy - Stirlings Global","isPartOf":{"@id":"https:\/\/stirlingsglobal.com\/#website"},"datePublished":"2024-03-15T10:42:42+00:00","dateModified":"2024-03-26T10:40:06+00:00","breadcrumb":{"@id":"https:\/\/stirlingsglobal.com\/privacy-policy\/#breadcrumb"},"inLanguage":"da-DK","potentialAction":[{"@type":"ReadAction","target":["https:\/\/stirlingsglobal.com\/privacy-policy\/"]}]},{"@type":"BreadcrumbList","@id":"https:\/\/stirlingsglobal.com\/privacy-policy\/#breadcrumb","itemListElement":[{"@type":"ListItem","position":1,"name":"Home","item":"https:\/\/stirlingsglobal.com\/"},{"@type":"ListItem","position":2,"name":"Privacy Policy"}]},{"@type":"WebSite","@id":"https:\/\/stirlingsglobal.com\/#website","url":"https:\/\/stirlingsglobal.com\/","name":"Stirlings olie","description":"Legendariske sm\u00f8remidler","publisher":{"@id":"https:\/\/stirlingsglobal.com\/#organization"},"potentialAction":[{"@type":"SearchAction","target":{"@type":"EntryPoint","urlTemplate":"https:\/\/stirlingsglobal.com\/?s={search_term_string}"},"query-input":{"@type":"PropertyValueSpecification","valueRequired":true,"valueName":"search_term_string"}}],"inLanguage":"da-DK"},{"@type":"Organization","@id":"https:\/\/stirlingsglobal.com\/#organization","name":"Stirlings olie","url":"https:\/\/stirlingsglobal.com\/","logo":{"@type":"ImageObject","inLanguage":"da-DK","@id":"https:\/\/stirlingsglobal.com\/#\/schema\/logo\/image\/","url":"https:\/\/stirlingsglobal.com\/wp-content\/uploads\/2024\/03\/220228_STI_oplever_file_Logo_01.png","contentUrl":"https:\/\/stirlingsglobal.com\/wp-content\/uploads\/2024\/03\/220228_STI_oplever_file_Logo_01.png","width":2809,"height":1152,"caption":"Stirlings Oil"},"image":{"@id":"https:\/\/stirlingsglobal.com\/#\/schema\/logo\/image\/"},"sameAs":["https:\/\/www.instagram.com\/stirlingsoil\/"]}]}},"_links":{"self":[{"href":"https:\/\/stirlingsglobal.com\/da\/wp-json\/wp\/v2\/pages\/32","targetHints":{"allow":["GET"]}}],"collection":[{"href":"https:\/\/stirlingsglobal.com\/da\/wp-json\/wp\/v2\/pages"}],"about":[{"href":"https:\/\/stirlingsglobal.com\/da\/wp-json\/wp\/v2\/types\/page"}],"author":[{"embeddable":true,"href":"https:\/\/stirlingsglobal.com\/da\/wp-json\/wp\/v2\/users\/1"}],"replies":[{"embeddable":true,"href":"https:\/\/stirlingsglobal.com\/da\/wp-json\/wp\/v2\/comments?post=32"}],"version-history":[{"count":13,"href":"https:\/\/stirlingsglobal.com\/da\/wp-json\/wp\/v2\/pages\/32\/revisions"}],"predecessor-version":[{"id":1329,"href":"https:\/\/stirlingsglobal.com\/da\/wp-json\/wp\/v2\/pages\/32\/revisions\/1329"}],"wp:attachment":[{"href":"https:\/\/stirlingsglobal.com\/da\/wp-json\/wp\/v2\/media?parent=32"}],"curies":[{"name":"wp","href":"https:\/\/api.w.org\/{rel}","templated":true}]}}