{"id":32,"date":"2024-03-15T10:42:42","date_gmt":"2024-03-15T10:42:42","guid":{"rendered":"https:\/\/stirlingsoil.com\/?page_id=32"},"modified":"2024-03-26T10:40:06","modified_gmt":"2024-03-26T10:40:06","slug":"privacy-policy","status":"publish","type":"page","link":"https:\/\/stirlingsglobal.com\/es\/privacy-policy\/","title":{"rendered":"pol\u00edtica de privacidad"},"content":{"rendered":"<div data-elementor-type=\"wp-page\" data-elementor-id=\"32\" class=\"elementor elementor-32\" wpc-filter-elementor-widget=\"1\" data-elementor-post-type=\"page\">\n\t\t\t\t<div class=\"elementor-element elementor-element-647a3cd e-flex e-con-boxed e-con e-parent\" data-id=\"647a3cd\" data-element_type=\"container\" data-e-type=\"container\">\n\t\t\t\t\t<div class=\"e-con-inner\">\n\t\t\t\t<div class=\"elementor-element elementor-element-a85f4d9 elementor-widget elementor-widget-text-editor\" data-id=\"a85f4d9\" data-element_type=\"widget\" data-e-type=\"widget\" data-widget_type=\"text-editor.default\">\n\t\t\t\t<div class=\"elementor-widget-container\">\n\t\t\t\t\t\t\t\t\t<div>En Stirlings Oil, somos conscientes del hecho de que, en algunos casos, usted, como visitante, conf\u00eda en nosotros para manejar sus datos personales. Consideramos que es nuestra responsabilidad esencial proteger siempre su privacidad. En esta p\u00e1gina le mostraremos qu\u00e9 datos espec\u00edficos suyos recopilan nuestros sitios web y para qu\u00e9 se utilizan. En todos los casos, nuestro objetivo es siempre mejorar su experiencia como visitante de nuestro sitio web y de los servicios de Stirlings Oil.<\/div><p>\u00a0<\/p><div>Esta Declaraci\u00f3n de Privacidad es aplicable a los servicios de Stirlings Oil. Tenga en cuenta que Stirlings Oil no es responsable de la forma en que otros sitios web o fuentes de datos tratan su privacidad personal. Al utilizar nuestro sitio web y aceptar nuestra configuraci\u00f3n de cookies, acepta nuestra pol\u00edtica de privacidad.<\/div><p>\u00a0<\/p><div>Stirlings Oil respeta la privacidad de cada relaci\u00f3n y visitante de nuestros sitios web y garantiza tratar siempre esta informaci\u00f3n de forma confidencial.<\/div><p>\u00a0<\/p><div>\u00bfPara qu\u00e9 utilizamos los datos?<\/div><p>\u00a0<\/p><div>1. Uso de nuestros servicios:<\/div><div>Siempre que solicite informaci\u00f3n para uno o varios de nuestros productos o servicios, es posible que le solicitemos que nos proporcione algunos datos personales. Estos datos se utilizan \u00fanicamente para atender su solicitud de la mejor manera. Los datos se almacenan en un servidor seguro en un socio confiable de Stirlings Oil. No combinaremos estos datos con ning\u00fan otro dato al que tengamos acceso, excepto para ayudarlo de la mejor manera con su solicitud.<\/div><p>\u00a0<\/p><div>2. Comunicaci\u00f3n:<\/div><div>Siempre que nos env\u00ede un correo electr\u00f3nico o utilice cualquier otro medio para contactarnos, existe la posibilidad de que guardemos su comunicaci\u00f3n. En algunos casos le solicitamos sus datos personales si son relevantes en la situaci\u00f3n dada. Esto es necesario para que podamos procesar su solicitud y responder a sus preguntas. Los datos se almacenan en un servidor seguro en un socio confiable de Stirlings Oil. No combinaremos estos datos con ning\u00fan otro dato al que tengamos acceso, excepto para ayudarlo de la mejor manera con su solicitud.<\/div><p>\u00a0<\/p><div>3. Galletas<\/div><div>Stirlings Oil recopila informaci\u00f3n de su visita al sitio web para mejorar nuestra comprensi\u00f3n de las necesidades y deseos de nuestros visitantes y mejorar la usabilidad. De esta manera podemos adaptar mejor nuestros servicios a usted. Nuestros sitios web utilizan cookies (peque\u00f1os archivos de texto que se colocan en su computadora) para analizar el uso del sitio web. La informaci\u00f3n que generan nuestras cookies sobre el uso de nuestro sitio web se env\u00eda a un servidor seguro de nuestro socio de confianza. Utilizamos estos datos para estar al tanto de c\u00f3mo usted, como visitante, utiliza nuestro sitio web, para crear informes sobre el uso del sitio web y para ofrecer otros servicios basados en la actividad del sitio web y de Internet. Puede leer m\u00e1s sobre nuestras cookies en nuestra Declaraci\u00f3n de cookies.<\/div><p>\u00a0<\/p><div>4. Prop\u00f3sito<\/div><div>No recopilamos datos para ning\u00fan otro prop\u00f3sito que el descrito en esta Declaraci\u00f3n de Privacidad a menos que le informemos espec\u00edficamente sobre esto y le solicitemos permiso.<\/div><p>\u00a0<\/p><div>5. Duraci\u00f3n<\/div><div>Guardamos sus datos personales de acuerdo con nuestra pol\u00edtica interna de retenci\u00f3n de datos (consulte la declaraci\u00f3n de cookies) o mientras exista una relaci\u00f3n relevante entre usted y nuestra empresa o durante cu\u00e1nto tiempo estemos legalmente obligados a conservar los datos.<\/div><p>\u00a0<\/p><div>6. Terceros<\/div><div>La informaci\u00f3n no se comparte con terceros que no sean los socios oficiales autorizados de Stirlings Oil con quienes hemos acordado un contrato de socio. En ciertos casos, su informaci\u00f3n puede compartirse internamente dentro de Stirlings Oil. Nuestros colegas tambi\u00e9n est\u00e1n obligados a respetar su privacidad en cualquier momento.<\/div><p>\u00a0<\/p><div>7. Modificaciones<\/div><div>Esta Declaraci\u00f3n de Privacidad se ajusta al uso y posibilidades de este sitio web. Posibles cambios o ajustes a este sitio web podr\u00edan dar lugar a modificaciones en esta Declaraci\u00f3n de Privacidad. Por lo tanto, le recomendamos que consulte peri\u00f3dicamente esta Declaraci\u00f3n de privacidad.<\/div><p>\u00a0<\/p><div>8. Opciones de datos personales<\/div><div>Ofrecemos a todos los visitantes de nuestros sitios web la posibilidad de revisar, cambiar o eliminar todos los datos personales que actualmente se proporcionan a Stirlings Oil.<\/div><p>\u00a0<\/p><div>9. Cambiar datos o darse de baja<\/div><div>Siempre que desee cambiar sus datos almacenados en nuestro servidor seguro o desee darse de baja de nuestras listas de correo u otros medios de comunicaci\u00f3n, siempre puede contactarnos a trav\u00e9s de los datos de contacto a continuaci\u00f3n.<\/div><p>\u00a0<\/p><div>10. Desactiva las cookies<\/div><div>La mayor\u00eda de los navegadores de Internet est\u00e1n configurados para aceptar cookies de forma predeterminada. Siempre puede restablecer la configuraci\u00f3n de su navegador para rechazar cookies o para recibir siempre un mensaje cuando se coloca una cookie. Como resultado de esto, es posible que algunas funciones o servicios de nuestro sitio web no funcionen correctamente debido a la configuraci\u00f3n modificada de las cookies.<\/div><p>\u00a0<\/p><div>11. No hay datos de menores de 16 a\u00f1os<\/div><div>No tenemos la intenci\u00f3n de recopilar datos de personas menores de 16 a\u00f1os. Aconsejamos a los padres o personas mayores responsables que participen y sean conscientes de las actividades en l\u00ednea de sus hijos.<\/div><p>\u00a0<\/p><div>12. Protecci\u00f3n y seguridad de tus datos<\/div><div>Stirlings Oil aplica medidas de seguridad adecuadas y razonables para evitar en la medida de lo posible abusos, p\u00e9rdidas, accesos ilegales, publicaciones no deseadas o cambios irregulares en sus datos. Stirlings Oil cuenta con medidas organizativas y t\u00e9cnicas para proteger su privacidad. Estas medidas se revisan peri\u00f3dicamente.<\/div><p>\u00a0<\/p><div>13. Preguntas y comentarios<\/div><div>En Stirlings Oil revisamos peri\u00f3dicamente nuestra Declaraci\u00f3n de Privacidad y comprobamos si sigue siendo compatible con las \u00faltimas normas de privacidad seg\u00fan la ley. Si tiene alguna pregunta sobre nuestra Declaraci\u00f3n de Privacidad o la forma en que funciona nuestro sitio web debido a esta configuraci\u00f3n, puede contactarnos a trav\u00e9s de:<\/div><p>\u00a0<\/p><div>Aceite Stirling<\/div><p>\u00a0<\/p><div>info@stirlingsoil.com<\/div>\t\t\t\t\t\t\t\t<\/div>\n\t\t\t\t<\/div>\n\t\t\t\t\t<\/div>\n\t\t\t\t<\/div>\n\t\t\t\t<\/div>","protected":false},"excerpt":{"rendered":"<p>At Stirlings Oil, we are conscious of the fact that, in some cases you as a visitor put faith in us to handle your personal data. We see it as our essential responsibility to always protect your privacy. On this page we will show you what specific data of you is collected by our website(s) [&hellip;]<\/p>\n","protected":false},"author":1,"featured_media":0,"parent":0,"menu_order":0,"comment_status":"closed","ping_status":"closed","template":"","meta":{"_acf_changed":false,"footnotes":""},"class_list":["post-32","page","type-page","status-publish","hentry"],"acf":[],"yoast_head":"<!-- This site is optimized with the Yoast SEO plugin v27.5 - https:\/\/yoast.com\/product\/yoast-seo-wordpress\/ -->\n<title>Privacy Policy - Stirlings Global<\/title>\n<meta name=\"robots\" content=\"index, follow, max-snippet:-1, max-image-preview:large, max-video-preview:-1\" \/>\n<link rel=\"canonical\" href=\"https:\/\/stirlingsglobal.com\/es\/privacy-policy\/\" \/>\n<meta property=\"og:locale\" content=\"es_ES\" \/>\n<meta property=\"og:type\" content=\"article\" \/>\n<meta property=\"og:title\" content=\"Privacy Policy - Stirlings Global\" \/>\n<meta property=\"og:description\" content=\"At Stirlings Oil, we are conscious of the fact that, in some cases you as a visitor put faith in us to handle your personal data. We see it as our essential responsibility to always protect your privacy. On this page we will show you what specific data of you is collected by our website(s) [&hellip;]\" \/>\n<meta property=\"og:url\" content=\"https:\/\/stirlingsglobal.com\/es\/privacy-policy\/\" \/>\n<meta property=\"og:site_name\" content=\"Stirlings Global\" \/>\n<meta property=\"article:modified_time\" content=\"2024-03-26T10:40:06+00:00\" \/>\n<meta name=\"twitter:card\" content=\"summary_large_image\" \/>\n<meta name=\"twitter:label1\" content=\"Tiempo de lectura\" \/>\n\t<meta name=\"twitter:data1\" content=\"4 minutos\" \/>\n<script type=\"application\/ld+json\" class=\"yoast-schema-graph\">{\"@context\":\"https:\\\/\\\/schema.org\",\"@graph\":[{\"@type\":\"WebPage\",\"@id\":\"https:\\\/\\\/stirlingsglobal.com\\\/privacy-policy\\\/\",\"url\":\"https:\\\/\\\/stirlingsglobal.com\\\/privacy-policy\\\/\",\"name\":\"Privacy Policy - Stirlings Global\",\"isPartOf\":{\"@id\":\"https:\\\/\\\/stirlingsglobal.com\\\/#website\"},\"datePublished\":\"2024-03-15T10:42:42+00:00\",\"dateModified\":\"2024-03-26T10:40:06+00:00\",\"breadcrumb\":{\"@id\":\"https:\\\/\\\/stirlingsglobal.com\\\/privacy-policy\\\/#breadcrumb\"},\"inLanguage\":\"es\",\"potentialAction\":[{\"@type\":\"ReadAction\",\"target\":[\"https:\\\/\\\/stirlingsglobal.com\\\/privacy-policy\\\/\"]}]},{\"@type\":\"BreadcrumbList\",\"@id\":\"https:\\\/\\\/stirlingsglobal.com\\\/privacy-policy\\\/#breadcrumb\",\"itemListElement\":[{\"@type\":\"ListItem\",\"position\":1,\"name\":\"Home\",\"item\":\"https:\\\/\\\/stirlingsglobal.com\\\/\"},{\"@type\":\"ListItem\",\"position\":2,\"name\":\"Privacy Policy\"}]},{\"@type\":\"WebSite\",\"@id\":\"https:\\\/\\\/stirlingsglobal.com\\\/#website\",\"url\":\"https:\\\/\\\/stirlingsglobal.com\\\/\",\"name\":\"Stirlings Oil\",\"description\":\"Legendary lubricants\",\"publisher\":{\"@id\":\"https:\\\/\\\/stirlingsglobal.com\\\/#organization\"},\"potentialAction\":[{\"@type\":\"SearchAction\",\"target\":{\"@type\":\"EntryPoint\",\"urlTemplate\":\"https:\\\/\\\/stirlingsglobal.com\\\/?s={search_term_string}\"},\"query-input\":{\"@type\":\"PropertyValueSpecification\",\"valueRequired\":true,\"valueName\":\"search_term_string\"}}],\"inLanguage\":\"es\"},{\"@type\":\"Organization\",\"@id\":\"https:\\\/\\\/stirlingsglobal.com\\\/#organization\",\"name\":\"Stirlings Oil\",\"url\":\"https:\\\/\\\/stirlingsglobal.com\\\/\",\"logo\":{\"@type\":\"ImageObject\",\"inLanguage\":\"es\",\"@id\":\"https:\\\/\\\/stirlingsglobal.com\\\/#\\\/schema\\\/logo\\\/image\\\/\",\"url\":\"https:\\\/\\\/stirlingsglobal.com\\\/wp-content\\\/uploads\\\/2024\\\/03\\\/220228_STI_oplever_file_Logo_01.png\",\"contentUrl\":\"https:\\\/\\\/stirlingsglobal.com\\\/wp-content\\\/uploads\\\/2024\\\/03\\\/220228_STI_oplever_file_Logo_01.png\",\"width\":2809,\"height\":1152,\"caption\":\"Stirlings Oil\"},\"image\":{\"@id\":\"https:\\\/\\\/stirlingsglobal.com\\\/#\\\/schema\\\/logo\\\/image\\\/\"},\"sameAs\":[\"https:\\\/\\\/www.instagram.com\\\/stirlingsoil\\\/\"]}]}<\/script>\n<!-- \/ Yoast SEO plugin. -->","yoast_head_json":{"title":"Privacy Policy - Stirlings Global","robots":{"index":"index","follow":"follow","max-snippet":"max-snippet:-1","max-image-preview":"max-image-preview:large","max-video-preview":"max-video-preview:-1"},"canonical":"https:\/\/stirlingsglobal.com\/es\/privacy-policy\/","og_locale":"es_ES","og_type":"article","og_title":"Privacy Policy - Stirlings Global","og_description":"At Stirlings Oil, we are conscious of the fact that, in some cases you as a visitor put faith in us to handle your personal data. We see it as our essential responsibility to always protect your privacy. On this page we will show you what specific data of you is collected by our website(s) [&hellip;]","og_url":"https:\/\/stirlingsglobal.com\/es\/privacy-policy\/","og_site_name":"Stirlings Global","article_modified_time":"2024-03-26T10:40:06+00:00","twitter_card":"summary_large_image","twitter_misc":{"Tiempo de lectura":"4 minutos"},"schema":{"@context":"https:\/\/schema.org","@graph":[{"@type":"WebPage","@id":"https:\/\/stirlingsglobal.com\/privacy-policy\/","url":"https:\/\/stirlingsglobal.com\/privacy-policy\/","name":"Privacy Policy - Stirlings Global","isPartOf":{"@id":"https:\/\/stirlingsglobal.com\/#website"},"datePublished":"2024-03-15T10:42:42+00:00","dateModified":"2024-03-26T10:40:06+00:00","breadcrumb":{"@id":"https:\/\/stirlingsglobal.com\/privacy-policy\/#breadcrumb"},"inLanguage":"es","potentialAction":[{"@type":"ReadAction","target":["https:\/\/stirlingsglobal.com\/privacy-policy\/"]}]},{"@type":"BreadcrumbList","@id":"https:\/\/stirlingsglobal.com\/privacy-policy\/#breadcrumb","itemListElement":[{"@type":"ListItem","position":1,"name":"Home","item":"https:\/\/stirlingsglobal.com\/"},{"@type":"ListItem","position":2,"name":"Privacy Policy"}]},{"@type":"WebSite","@id":"https:\/\/stirlingsglobal.com\/#website","url":"https:\/\/stirlingsglobal.com\/","name":"Aceite Stirling","description":"Lubricantes legendarios","publisher":{"@id":"https:\/\/stirlingsglobal.com\/#organization"},"potentialAction":[{"@type":"SearchAction","target":{"@type":"EntryPoint","urlTemplate":"https:\/\/stirlingsglobal.com\/?s={search_term_string}"},"query-input":{"@type":"PropertyValueSpecification","valueRequired":true,"valueName":"search_term_string"}}],"inLanguage":"es"},{"@type":"Organization","@id":"https:\/\/stirlingsglobal.com\/#organization","name":"Aceite Stirling","url":"https:\/\/stirlingsglobal.com\/","logo":{"@type":"ImageObject","inLanguage":"es","@id":"https:\/\/stirlingsglobal.com\/#\/schema\/logo\/image\/","url":"https:\/\/stirlingsglobal.com\/wp-content\/uploads\/2024\/03\/220228_STI_oplever_file_Logo_01.png","contentUrl":"https:\/\/stirlingsglobal.com\/wp-content\/uploads\/2024\/03\/220228_STI_oplever_file_Logo_01.png","width":2809,"height":1152,"caption":"Stirlings Oil"},"image":{"@id":"https:\/\/stirlingsglobal.com\/#\/schema\/logo\/image\/"},"sameAs":["https:\/\/www.instagram.com\/stirlingsoil\/"]}]}},"_links":{"self":[{"href":"https:\/\/stirlingsglobal.com\/es\/wp-json\/wp\/v2\/pages\/32","targetHints":{"allow":["GET"]}}],"collection":[{"href":"https:\/\/stirlingsglobal.com\/es\/wp-json\/wp\/v2\/pages"}],"about":[{"href":"https:\/\/stirlingsglobal.com\/es\/wp-json\/wp\/v2\/types\/page"}],"author":[{"embeddable":true,"href":"https:\/\/stirlingsglobal.com\/es\/wp-json\/wp\/v2\/users\/1"}],"replies":[{"embeddable":true,"href":"https:\/\/stirlingsglobal.com\/es\/wp-json\/wp\/v2\/comments?post=32"}],"version-history":[{"count":13,"href":"https:\/\/stirlingsglobal.com\/es\/wp-json\/wp\/v2\/pages\/32\/revisions"}],"predecessor-version":[{"id":1329,"href":"https:\/\/stirlingsglobal.com\/es\/wp-json\/wp\/v2\/pages\/32\/revisions\/1329"}],"wp:attachment":[{"href":"https:\/\/stirlingsglobal.com\/es\/wp-json\/wp\/v2\/media?parent=32"}],"curies":[{"name":"wp","href":"https:\/\/api.w.org\/{rel}","templated":true}]}}