{"id":32,"date":"2024-03-15T10:42:42","date_gmt":"2024-03-15T10:42:42","guid":{"rendered":"https:\/\/stirlingsoil.com\/?page_id=32"},"modified":"2024-03-26T10:40:06","modified_gmt":"2024-03-26T10:40:06","slug":"privacy-policy","status":"publish","type":"page","link":"https:\/\/stirlingsglobal.com\/nb\/privacy-policy\/","title":{"rendered":"Personvernerkl\u00e6ring"},"content":{"rendered":"<div data-elementor-type=\"wp-page\" data-elementor-id=\"32\" class=\"elementor elementor-32\" wpc-filter-elementor-widget=\"1\" data-elementor-post-type=\"page\">\n\t\t\t\t<div class=\"elementor-element elementor-element-647a3cd e-flex e-con-boxed e-con e-parent\" data-id=\"647a3cd\" data-element_type=\"container\" data-e-type=\"container\">\n\t\t\t\t\t<div class=\"e-con-inner\">\n\t\t\t\t<div class=\"elementor-element elementor-element-a85f4d9 elementor-widget elementor-widget-text-editor\" data-id=\"a85f4d9\" data-element_type=\"widget\" data-e-type=\"widget\" data-widget_type=\"text-editor.default\">\n\t\t\t\t<div class=\"elementor-widget-container\">\n\t\t\t\t\t\t\t\t\t<div>Hos Stirlings Oil er vi bevisste p\u00e5 at du som bes\u00f8kende i noen tilfeller stoler p\u00e5 at vi h\u00e5ndterer dine personopplysninger. Vi ser det som v\u00e5rt grunnleggende ansvar \u00e5 alltid beskytte personvernet ditt. P\u00e5 denne siden vil vi vise deg hvilke spesifikke data om deg som samles inn av nettsiden(e) og hva de brukes til. I alle tilfeller er m\u00e5let v\u00e5rt alltid \u00e5 forbedre opplevelsen din som bes\u00f8kende p\u00e5 nettstedet v\u00e5rt og Stirlings Oil-tjenestene.<\/div><p>\u00a0<\/p><div>Denne personvernerkl\u00e6ringen gjelder tjenestene til Stirlings Oil. V\u00e6r oppmerksom p\u00e5 at Stirlings Oil ikke er ansvarlig for m\u00e5ten andre nettsteder eller datakilder h\u00e5ndterer ditt personvern p\u00e5. Ved \u00e5 bruke nettsiden v\u00e5r og godta innstillingene for informasjonskapsler godtar du v\u00e5r personvernerkl\u00e6ring.<\/div><p>\u00a0<\/p><div>Stirlings Oil respekterer personvernet til hver relasjon og bes\u00f8kende p\u00e5 nettsidene v\u00e5re og s\u00f8rger for \u00e5 alltid behandle denne informasjonen p\u00e5 en konfidensiell m\u00e5te.<\/div><p>\u00a0<\/p><div>Hvor bruker vi dataene til?<\/div><p>\u00a0<\/p><div>1. Bruk av v\u00e5re tjenester:<\/div><div>N\u00e5r du s\u00f8ker om informasjon for ett eller flere av v\u00e5re produkter eller tjenester, kan vi be deg om \u00e5 gi oss noen personopplysninger. Disse dataene brukes utelukkende for \u00e5 oppfylle foresp\u00f8rselen din p\u00e5 best mulig m\u00e5te. Dataene lagres p\u00e5 en sikker server hos en p\u00e5litelig partner av Stirlings Oil. Vi skal ikke kombinere disse dataene med andre data vi har tilgang til, annet enn \u00e5 hjelpe deg p\u00e5 best mulig m\u00e5te med foresp\u00f8rselen din.<\/div><p>\u00a0<\/p><div>2. Kommunikasjon:<\/div><div>Hver gang du sender e-post til oss, eller bruker et annet medium for \u00e5 kontakte oss, er det en mulighet for at vi lagrer kommunikasjonen din. I noen tilfeller ber vi om dine personopplysninger dersom disse er relevante i den gitte situasjonen. Dette er n\u00f8dvendig for at vi skal kunne behandle foresp\u00f8rselen din og svare p\u00e5 sp\u00f8rsm\u00e5lene dine. Dataene lagres p\u00e5 en sikker server hos en p\u00e5litelig partner av Stirlings Oil. Vi skal ikke kombinere disse dataene med andre data vi har tilgang til, annet enn \u00e5 hjelpe deg p\u00e5 best mulig m\u00e5te med foresp\u00f8rselen din.<\/div><p>\u00a0<\/p><div>3. Informasjonskapsler<\/div><div>Stirlings Oil samler inn informasjon fra ditt bes\u00f8k p\u00e5 nettsiden for \u00e5 forbedre v\u00e5r innsikt i v\u00e5re bes\u00f8kendes behov og \u00f8nsker og forbedre brukervennligheten. P\u00e5 denne m\u00e5ten kan vi bedre tilpasse tjenestene v\u00e5re til deg. V\u00e5re nettsider bruker informasjonskapsler (sm\u00e5 tekstfiler som plasseres p\u00e5 datamaskinen din) for \u00e5 analysere bruken av nettstedet. Informasjonen som genereres av v\u00e5re informasjonskapsler om bruk av nettstedet v\u00e5rt, sendes til en sikker server hos v\u00e5r p\u00e5litelige partner. Vi bruker disse dataene for \u00e5 holde varsel om hvordan du som bes\u00f8kende bruker nettsiden v\u00e5r, for \u00e5 lage rapporter om bruk av nettsiden og for \u00e5 tilby andre tjenester basert p\u00e5 nettside- og internettaktivitet. Du kan lese mer om v\u00e5re informasjonskapsler i v\u00e5r informasjonskapselerkl\u00e6ring.<\/div><p>\u00a0<\/p><div>4. Form\u00e5l<\/div><div>Vi samler ikke inn data til andre form\u00e5l enn beskrevet i denne personvernerkl\u00e6ringen med mindre vi spesifikt informerer deg om dette og ber om tillatelse fra deg.<\/div><p>\u00a0<\/p><div>5. Varighet<\/div><div>Vi lagrer dine personopplysninger i henhold til v\u00e5re interne retningslinjer for oppbevaring av data (se informasjonskapselerkl\u00e6ring) eller s\u00e5 lenge det er en relevant relasjon mellom deg og selskapet v\u00e5rt eller hvor lenge vi er juridisk forpliktet til \u00e5 holde p\u00e5 dataene.<\/div><p>\u00a0<\/p><div>6. Tredjeparter<\/div><div>Informasjonen deles ikke med andre tredjeparter enn offisielle autoriserte Stirlings Oil-partnere som vi har avtalt en partnerkontrakt med. I visse tilfeller kan informasjonen din bli delt internt i Stirlings Oil. V\u00e5re kolleger er ogs\u00e5 forpliktet til \u00e5 respektere personvernet ditt n\u00e5r som helst.<\/div><p>\u00a0<\/p><div>7. Modifikasjoner<\/div><div>Denne personvernerkl\u00e6ringen er tilpasset bruken og mulighetene til denne nettsiden. Mulige endringer eller justeringer av denne nettsiden kan f\u00f8re til endringer i denne personvernerkl\u00e6ringen. Vi anbefaler deg derfor \u00e5 sjekke denne personvernerkl\u00e6ringen regelmessig.<\/div><p>\u00a0<\/p><div>8. Alternativer for personopplysninger<\/div><div>Vi tilbyr alle bes\u00f8kende p\u00e5 nettsidene v\u00e5re muligheten til \u00e5 gjennomg\u00e5, endre eller slette alle personlige data som for \u00f8yeblikket er gitt til Stirlings Oil<\/div><p>\u00a0<\/p><div>9. Endre data eller avslutte abonnementet<\/div><div>N\u00e5r du \u00f8nsker \u00e5 endre dataene dine som er lagret p\u00e5 v\u00e5r sikre server eller du \u00f8nsker \u00e5 melde deg av v\u00e5re e-postlister eller andre kommunikasjonsmidler, kan du alltid kontakte oss via kontaktdetaljene nedenfor.<\/div><p>\u00a0<\/p><div>10. Sl\u00e5 av informasjonskapsler<\/div><div>De fleste nettlesere er satt til \u00e5 akseptere informasjonskapsler som standard. Du kan alltid tilbakestille nettleserinnstillingene for \u00e5 avvise informasjonskapsler eller alltid motta en melding n\u00e5r en informasjonskapsel plasseres. Som et resultat av dette kan det hende at enkelte funksjoner eller tjenester p\u00e5 nettstedet v\u00e5rt ikke fungerer som det skal p\u00e5 grunn av de endrede innstillingene for informasjonskapsler.<\/div><p>\u00a0<\/p><div>11. Ingen data om personer under 16 \u00e5r<\/div><div>Vi har ikke til hensikt \u00e5 samle inn data om personer yngre enn 16 \u00e5r. Vi anbefaler foreldre eller ansvarlige eldre \u00e5 v\u00e6re involvert og v\u00e6re bevisst p\u00e5 barnas aktiviteter p\u00e5 nettet.<\/div><p>\u00a0<\/p><div>12. Beskyttelse og sikkerhet for dine data<\/div><div>Stirlings Oil bruker passende og rimelige sikkerhetstiltak for \u00e5 forhindre misbruk, tap, ulovlig tilgang, u\u00f8nsket publisering eller uregelmessige endringer av dataene dine s\u00e5 mye som mulig. Stirlings Oil har b\u00e5de organisasjonsmessige og tekniske tiltak p\u00e5 plass for \u00e5 sikre personvernet ditt. Disse tiltakene vurderes med jevne mellomrom.<\/div><p>\u00a0<\/p><div>13. Sp\u00f8rsm\u00e5l og tilbakemeldinger<\/div><div>Hos Stirlings Oil sjekker vi regelmessig v\u00e5r personvernerkl\u00e6ring og sjekker om den fortsatt er kompatibel med de nyeste personvernforskriftene i henhold til loven. Hvis du har sp\u00f8rsm\u00e5l om v\u00e5r personvernerkl\u00e6ring eller m\u00e5ten nettstedet v\u00e5rt fungerer p\u00e5 p\u00e5 grunn av disse innstillingene, kan du kontakte oss via:<\/div><p>\u00a0<\/p><div>Stirlings olje<\/div><p>\u00a0<\/p><div>info@stirlingsoil.com<\/div>\t\t\t\t\t\t\t\t<\/div>\n\t\t\t\t<\/div>\n\t\t\t\t\t<\/div>\n\t\t\t\t<\/div>\n\t\t\t\t<\/div>","protected":false},"excerpt":{"rendered":"<p>At Stirlings Oil, we are conscious of the fact that, in some cases you as a visitor put faith in us to handle your personal data. We see it as our essential responsibility to always protect your privacy. On this page we will show you what specific data of you is collected by our website(s) [&hellip;]<\/p>\n","protected":false},"author":1,"featured_media":0,"parent":0,"menu_order":0,"comment_status":"closed","ping_status":"closed","template":"","meta":{"_acf_changed":false,"footnotes":""},"class_list":["post-32","page","type-page","status-publish","hentry"],"acf":[],"yoast_head":"<!-- This site is optimized with the Yoast SEO plugin v27.5 - https:\/\/yoast.com\/product\/yoast-seo-wordpress\/ -->\n<title>Privacy Policy - Stirlings Global<\/title>\n<meta name=\"robots\" content=\"index, follow, max-snippet:-1, max-image-preview:large, max-video-preview:-1\" \/>\n<link rel=\"canonical\" href=\"https:\/\/stirlingsglobal.com\/nb\/privacy-policy\/\" \/>\n<meta property=\"og:locale\" content=\"nb_NO\" \/>\n<meta property=\"og:type\" content=\"article\" \/>\n<meta property=\"og:title\" content=\"Privacy Policy - Stirlings Global\" \/>\n<meta property=\"og:description\" content=\"At Stirlings Oil, we are conscious of the fact that, in some cases you as a visitor put faith in us to handle your personal data. We see it as our essential responsibility to always protect your privacy. On this page we will show you what specific data of you is collected by our website(s) [&hellip;]\" \/>\n<meta property=\"og:url\" content=\"https:\/\/stirlingsglobal.com\/nb\/privacy-policy\/\" \/>\n<meta property=\"og:site_name\" content=\"Stirlings Global\" \/>\n<meta property=\"article:modified_time\" content=\"2024-03-26T10:40:06+00:00\" \/>\n<meta name=\"twitter:card\" content=\"summary_large_image\" \/>\n<meta name=\"twitter:label1\" content=\"Ansl. lesetid\" \/>\n\t<meta name=\"twitter:data1\" content=\"4 minutter\" \/>\n<script type=\"application\/ld+json\" class=\"yoast-schema-graph\">{\"@context\":\"https:\\\/\\\/schema.org\",\"@graph\":[{\"@type\":\"WebPage\",\"@id\":\"https:\\\/\\\/stirlingsglobal.com\\\/privacy-policy\\\/\",\"url\":\"https:\\\/\\\/stirlingsglobal.com\\\/privacy-policy\\\/\",\"name\":\"Privacy Policy - Stirlings Global\",\"isPartOf\":{\"@id\":\"https:\\\/\\\/stirlingsglobal.com\\\/#website\"},\"datePublished\":\"2024-03-15T10:42:42+00:00\",\"dateModified\":\"2024-03-26T10:40:06+00:00\",\"breadcrumb\":{\"@id\":\"https:\\\/\\\/stirlingsglobal.com\\\/privacy-policy\\\/#breadcrumb\"},\"inLanguage\":\"nb-NO\",\"potentialAction\":[{\"@type\":\"ReadAction\",\"target\":[\"https:\\\/\\\/stirlingsglobal.com\\\/privacy-policy\\\/\"]}]},{\"@type\":\"BreadcrumbList\",\"@id\":\"https:\\\/\\\/stirlingsglobal.com\\\/privacy-policy\\\/#breadcrumb\",\"itemListElement\":[{\"@type\":\"ListItem\",\"position\":1,\"name\":\"Home\",\"item\":\"https:\\\/\\\/stirlingsglobal.com\\\/\"},{\"@type\":\"ListItem\",\"position\":2,\"name\":\"Privacy Policy\"}]},{\"@type\":\"WebSite\",\"@id\":\"https:\\\/\\\/stirlingsglobal.com\\\/#website\",\"url\":\"https:\\\/\\\/stirlingsglobal.com\\\/\",\"name\":\"Stirlings Oil\",\"description\":\"Legendary lubricants\",\"publisher\":{\"@id\":\"https:\\\/\\\/stirlingsglobal.com\\\/#organization\"},\"potentialAction\":[{\"@type\":\"SearchAction\",\"target\":{\"@type\":\"EntryPoint\",\"urlTemplate\":\"https:\\\/\\\/stirlingsglobal.com\\\/?s={search_term_string}\"},\"query-input\":{\"@type\":\"PropertyValueSpecification\",\"valueRequired\":true,\"valueName\":\"search_term_string\"}}],\"inLanguage\":\"nb-NO\"},{\"@type\":\"Organization\",\"@id\":\"https:\\\/\\\/stirlingsglobal.com\\\/#organization\",\"name\":\"Stirlings Oil\",\"url\":\"https:\\\/\\\/stirlingsglobal.com\\\/\",\"logo\":{\"@type\":\"ImageObject\",\"inLanguage\":\"nb-NO\",\"@id\":\"https:\\\/\\\/stirlingsglobal.com\\\/#\\\/schema\\\/logo\\\/image\\\/\",\"url\":\"https:\\\/\\\/stirlingsglobal.com\\\/wp-content\\\/uploads\\\/2024\\\/03\\\/220228_STI_oplever_file_Logo_01.png\",\"contentUrl\":\"https:\\\/\\\/stirlingsglobal.com\\\/wp-content\\\/uploads\\\/2024\\\/03\\\/220228_STI_oplever_file_Logo_01.png\",\"width\":2809,\"height\":1152,\"caption\":\"Stirlings Oil\"},\"image\":{\"@id\":\"https:\\\/\\\/stirlingsglobal.com\\\/#\\\/schema\\\/logo\\\/image\\\/\"},\"sameAs\":[\"https:\\\/\\\/www.instagram.com\\\/stirlingsoil\\\/\"]}]}<\/script>\n<!-- \/ Yoast SEO plugin. -->","yoast_head_json":{"title":"Privacy Policy - Stirlings Global","robots":{"index":"index","follow":"follow","max-snippet":"max-snippet:-1","max-image-preview":"max-image-preview:large","max-video-preview":"max-video-preview:-1"},"canonical":"https:\/\/stirlingsglobal.com\/nb\/privacy-policy\/","og_locale":"nb_NO","og_type":"article","og_title":"Privacy Policy - Stirlings Global","og_description":"At Stirlings Oil, we are conscious of the fact that, in some cases you as a visitor put faith in us to handle your personal data. We see it as our essential responsibility to always protect your privacy. On this page we will show you what specific data of you is collected by our website(s) [&hellip;]","og_url":"https:\/\/stirlingsglobal.com\/nb\/privacy-policy\/","og_site_name":"Stirlings Global","article_modified_time":"2024-03-26T10:40:06+00:00","twitter_card":"summary_large_image","twitter_misc":{"Ansl. lesetid":"4 minutter"},"schema":{"@context":"https:\/\/schema.org","@graph":[{"@type":"WebPage","@id":"https:\/\/stirlingsglobal.com\/privacy-policy\/","url":"https:\/\/stirlingsglobal.com\/privacy-policy\/","name":"Privacy Policy - Stirlings Global","isPartOf":{"@id":"https:\/\/stirlingsglobal.com\/#website"},"datePublished":"2024-03-15T10:42:42+00:00","dateModified":"2024-03-26T10:40:06+00:00","breadcrumb":{"@id":"https:\/\/stirlingsglobal.com\/privacy-policy\/#breadcrumb"},"inLanguage":"nb-NO","potentialAction":[{"@type":"ReadAction","target":["https:\/\/stirlingsglobal.com\/privacy-policy\/"]}]},{"@type":"BreadcrumbList","@id":"https:\/\/stirlingsglobal.com\/privacy-policy\/#breadcrumb","itemListElement":[{"@type":"ListItem","position":1,"name":"Home","item":"https:\/\/stirlingsglobal.com\/"},{"@type":"ListItem","position":2,"name":"Privacy Policy"}]},{"@type":"WebSite","@id":"https:\/\/stirlingsglobal.com\/#website","url":"https:\/\/stirlingsglobal.com\/","name":"Stirlings olje","description":"Legendariske sm\u00f8remidler","publisher":{"@id":"https:\/\/stirlingsglobal.com\/#organization"},"potentialAction":[{"@type":"SearchAction","target":{"@type":"EntryPoint","urlTemplate":"https:\/\/stirlingsglobal.com\/?s={search_term_string}"},"query-input":{"@type":"PropertyValueSpecification","valueRequired":true,"valueName":"search_term_string"}}],"inLanguage":"nb-NO"},{"@type":"Organization","@id":"https:\/\/stirlingsglobal.com\/#organization","name":"Stirlings olje","url":"https:\/\/stirlingsglobal.com\/","logo":{"@type":"ImageObject","inLanguage":"nb-NO","@id":"https:\/\/stirlingsglobal.com\/#\/schema\/logo\/image\/","url":"https:\/\/stirlingsglobal.com\/wp-content\/uploads\/2024\/03\/220228_STI_oplever_file_Logo_01.png","contentUrl":"https:\/\/stirlingsglobal.com\/wp-content\/uploads\/2024\/03\/220228_STI_oplever_file_Logo_01.png","width":2809,"height":1152,"caption":"Stirlings Oil"},"image":{"@id":"https:\/\/stirlingsglobal.com\/#\/schema\/logo\/image\/"},"sameAs":["https:\/\/www.instagram.com\/stirlingsoil\/"]}]}},"_links":{"self":[{"href":"https:\/\/stirlingsglobal.com\/nb\/wp-json\/wp\/v2\/pages\/32","targetHints":{"allow":["GET"]}}],"collection":[{"href":"https:\/\/stirlingsglobal.com\/nb\/wp-json\/wp\/v2\/pages"}],"about":[{"href":"https:\/\/stirlingsglobal.com\/nb\/wp-json\/wp\/v2\/types\/page"}],"author":[{"embeddable":true,"href":"https:\/\/stirlingsglobal.com\/nb\/wp-json\/wp\/v2\/users\/1"}],"replies":[{"embeddable":true,"href":"https:\/\/stirlingsglobal.com\/nb\/wp-json\/wp\/v2\/comments?post=32"}],"version-history":[{"count":13,"href":"https:\/\/stirlingsglobal.com\/nb\/wp-json\/wp\/v2\/pages\/32\/revisions"}],"predecessor-version":[{"id":1329,"href":"https:\/\/stirlingsglobal.com\/nb\/wp-json\/wp\/v2\/pages\/32\/revisions\/1329"}],"wp:attachment":[{"href":"https:\/\/stirlingsglobal.com\/nb\/wp-json\/wp\/v2\/media?parent=32"}],"curies":[{"name":"wp","href":"https:\/\/api.w.org\/{rel}","templated":true}]}}