{"id":2659,"date":"2024-04-26T10:12:22","date_gmt":"2024-04-26T10:12:22","guid":{"rendered":"https:\/\/stirlingsoil.com\/?page_id=2659"},"modified":"2024-06-07T09:30:35","modified_gmt":"2024-06-07T09:30:35","slug":"distributors","status":"publish","type":"page","link":"https:\/\/stirlingsglobal.com\/sv\/distributors\/","title":{"rendered":"Distribut\u00f6rer"},"content":{"rendered":"<div data-elementor-type=\"wp-page\" data-elementor-id=\"2659\" class=\"elementor elementor-2659\" wpc-filter-elementor-widget=\"1\" data-elementor-post-type=\"page\">\n\t\t\t\t<div class=\"elementor-element elementor-element-eb78362 e-flex e-con-boxed e-con e-parent\" data-id=\"eb78362\" data-element_type=\"container\" data-e-type=\"container\" data-settings=\"{&quot;background_background&quot;:&quot;classic&quot;}\">\n\t\t\t\t\t<div class=\"e-con-inner\">\n\t\t\t\t<div class=\"elementor-element elementor-element-e830828 elementor-widget__width-initial elementor-widget-tablet__width-inherit elementor-widget elementor-widget-heading\" data-id=\"e830828\" data-element_type=\"widget\" data-e-type=\"widget\" data-widget_type=\"heading.default\">\n\t\t\t\t<div class=\"elementor-widget-container\">\n\t\t\t\t\t<h2 class=\"elementor-heading-title elementor-size-default\">Stirlings \u00e4r en mycket selektiv och fokuserad marknadsledare och samarbetar uteslutande med professionella distribut\u00f6rer. Dessa partnerskap s\u00e4kerst\u00e4ller en omfattande t\u00e4ckning och h\u00f6gkvalitativ service inom alla omr\u00e5den. Detta strategiska tillv\u00e4gag\u00e5ngss\u00e4tt s\u00e4kerst\u00e4ller att den globala expansionen \u00e4r metodisk och exakt, och utnyttjar partnerskap som f\u00f6rkroppsligar excellens och engagemang. Stirlings \u00e4r redo att er\u00f6vra den globala marknaden med o\u00f6vertr\u00e4ffad effektivitet och effektivitet.<\/h2>\t\t\t\t<\/div>\n\t\t\t\t<\/div>\n\t\t\t\t\t<\/div>\n\t\t\t\t<\/div>\n\t\t<div class=\"elementor-element elementor-element-1ec3f9d e-flex e-con-boxed e-con e-parent\" data-id=\"1ec3f9d\" data-element_type=\"container\" data-e-type=\"container\">\n\t\t\t\t\t<div class=\"e-con-inner\">\n\t\t\t\t<div class=\"elementor-element elementor-element-e7cb32e elementor-widget elementor-widget-heading\" data-id=\"e7cb32e\" data-element_type=\"widget\" data-e-type=\"widget\" data-widget_type=\"heading.default\">\n\t\t\t\t<div class=\"elementor-widget-container\">\n\t\t\t\t\t<h2 class=\"elementor-heading-title elementor-size-default\">V\u00e4lj din region<\/h2>\t\t\t\t<\/div>\n\t\t\t\t<\/div>\n\t\t\t\t<div class=\"elementor-element elementor-element-fd76a3d elementor-widget elementor-widget-shortcode\" data-id=\"fd76a3d\" data-element_type=\"widget\" data-e-type=\"widget\" data-widget_type=\"shortcode.default\">\n\t\t\t\t<div class=\"elementor-widget-container\">\n\t\t\t\t\t\t\t<div class=\"elementor-shortcode\"><div class=\"map_wrapper\" id=\"map_wrapper_2662\">\n<div class=\"map_box\" style=\"max-width:2200px\">\n<div class=\"map_aspect_ratio\" style=\"padding-top:56%\" data-padding-top=\"56%\" data-padding-top-mobile=\"80%\">\n<div class=\"map_container\">\n<div class=\"map_render map_loading\" id=\"map_2662\"><\/div>\n<\/div>\n<\/div>\n<\/div>\n<\/div><\/div>\n\t\t\t\t\t\t<\/div>\n\t\t\t\t<\/div>\n\t\t\t\t\t<\/div>\n\t\t\t\t<\/div>\n\t\t\t\t<\/div>","protected":false},"excerpt":{"rendered":"<p>Stirlings is a highly selective and focused market leader and collaborates exclusively with professional distributors. These partnerships ensure comprehensive coverage and high-quality service across all areas. This strategic approach ensures that the global expansion is methodical and precise, leveraging partnerships that embody excellence and dedication. Stirlings is ready to conquer the global market with unparalleled [&hellip;]<\/p>\n","protected":false},"author":1,"featured_media":0,"parent":0,"menu_order":0,"comment_status":"closed","ping_status":"closed","template":"","meta":{"_acf_changed":false,"footnotes":""},"class_list":["post-2659","page","type-page","status-publish","hentry"],"acf":[],"yoast_head":"<!-- This site is optimized with the Yoast SEO plugin v27.5 - https:\/\/yoast.com\/product\/yoast-seo-wordpress\/ -->\n<title>Distributors - Stirlings Global<\/title>\n<meta name=\"robots\" content=\"index, follow, max-snippet:-1, max-image-preview:large, max-video-preview:-1\" \/>\n<link rel=\"canonical\" href=\"https:\/\/stirlingsglobal.com\/sv\/distributors\/\" \/>\n<meta property=\"og:locale\" content=\"sv_SE\" \/>\n<meta property=\"og:type\" content=\"article\" \/>\n<meta property=\"og:title\" content=\"Distributors - Stirlings Global\" \/>\n<meta property=\"og:description\" content=\"Stirlings is a highly selective and focused market leader and collaborates exclusively with professional distributors. These partnerships ensure comprehensive coverage and high-quality service across all areas. This strategic approach ensures that the global expansion is methodical and precise, leveraging partnerships that embody excellence and dedication. Stirlings is ready to conquer the global market with unparalleled [&hellip;]\" \/>\n<meta property=\"og:url\" content=\"https:\/\/stirlingsglobal.com\/sv\/distributors\/\" \/>\n<meta property=\"og:site_name\" content=\"Stirlings Global\" \/>\n<meta property=\"article:modified_time\" content=\"2024-06-07T09:30:35+00:00\" \/>\n<meta name=\"twitter:card\" content=\"summary_large_image\" \/>\n<meta name=\"twitter:label1\" content=\"Ber\u00e4knad l\u00e4stid\" \/>\n\t<meta name=\"twitter:data1\" content=\"1 minut\" \/>\n<script type=\"application\/ld+json\" class=\"yoast-schema-graph\">{\"@context\":\"https:\\\/\\\/schema.org\",\"@graph\":[{\"@type\":\"WebPage\",\"@id\":\"https:\\\/\\\/stirlingsglobal.com\\\/distributors\\\/\",\"url\":\"https:\\\/\\\/stirlingsglobal.com\\\/distributors\\\/\",\"name\":\"Distributors - Stirlings Global\",\"isPartOf\":{\"@id\":\"https:\\\/\\\/stirlingsglobal.com\\\/#website\"},\"datePublished\":\"2024-04-26T10:12:22+00:00\",\"dateModified\":\"2024-06-07T09:30:35+00:00\",\"breadcrumb\":{\"@id\":\"https:\\\/\\\/stirlingsglobal.com\\\/distributors\\\/#breadcrumb\"},\"inLanguage\":\"sv-SE\",\"potentialAction\":[{\"@type\":\"ReadAction\",\"target\":[\"https:\\\/\\\/stirlingsglobal.com\\\/distributors\\\/\"]}]},{\"@type\":\"BreadcrumbList\",\"@id\":\"https:\\\/\\\/stirlingsglobal.com\\\/distributors\\\/#breadcrumb\",\"itemListElement\":[{\"@type\":\"ListItem\",\"position\":1,\"name\":\"Home\",\"item\":\"https:\\\/\\\/stirlingsglobal.com\\\/\"},{\"@type\":\"ListItem\",\"position\":2,\"name\":\"Distributors\"}]},{\"@type\":\"WebSite\",\"@id\":\"https:\\\/\\\/stirlingsglobal.com\\\/#website\",\"url\":\"https:\\\/\\\/stirlingsglobal.com\\\/\",\"name\":\"Stirlings Oil\",\"description\":\"Legendary lubricants\",\"publisher\":{\"@id\":\"https:\\\/\\\/stirlingsglobal.com\\\/#organization\"},\"potentialAction\":[{\"@type\":\"SearchAction\",\"target\":{\"@type\":\"EntryPoint\",\"urlTemplate\":\"https:\\\/\\\/stirlingsglobal.com\\\/?s={search_term_string}\"},\"query-input\":{\"@type\":\"PropertyValueSpecification\",\"valueRequired\":true,\"valueName\":\"search_term_string\"}}],\"inLanguage\":\"sv-SE\"},{\"@type\":\"Organization\",\"@id\":\"https:\\\/\\\/stirlingsglobal.com\\\/#organization\",\"name\":\"Stirlings Oil\",\"url\":\"https:\\\/\\\/stirlingsglobal.com\\\/\",\"logo\":{\"@type\":\"ImageObject\",\"inLanguage\":\"sv-SE\",\"@id\":\"https:\\\/\\\/stirlingsglobal.com\\\/#\\\/schema\\\/logo\\\/image\\\/\",\"url\":\"https:\\\/\\\/stirlingsglobal.com\\\/wp-content\\\/uploads\\\/2024\\\/03\\\/220228_STI_oplever_file_Logo_01.png\",\"contentUrl\":\"https:\\\/\\\/stirlingsglobal.com\\\/wp-content\\\/uploads\\\/2024\\\/03\\\/220228_STI_oplever_file_Logo_01.png\",\"width\":2809,\"height\":1152,\"caption\":\"Stirlings Oil\"},\"image\":{\"@id\":\"https:\\\/\\\/stirlingsglobal.com\\\/#\\\/schema\\\/logo\\\/image\\\/\"},\"sameAs\":[\"https:\\\/\\\/www.instagram.com\\\/stirlingsoil\\\/\"]}]}<\/script>\n<!-- \/ Yoast SEO plugin. -->","yoast_head_json":{"title":"Distributors - Stirlings Global","robots":{"index":"index","follow":"follow","max-snippet":"max-snippet:-1","max-image-preview":"max-image-preview:large","max-video-preview":"max-video-preview:-1"},"canonical":"https:\/\/stirlingsglobal.com\/sv\/distributors\/","og_locale":"sv_SE","og_type":"article","og_title":"Distributors - Stirlings Global","og_description":"Stirlings is a highly selective and focused market leader and collaborates exclusively with professional distributors. These partnerships ensure comprehensive coverage and high-quality service across all areas. This strategic approach ensures that the global expansion is methodical and precise, leveraging partnerships that embody excellence and dedication. Stirlings is ready to conquer the global market with unparalleled [&hellip;]","og_url":"https:\/\/stirlingsglobal.com\/sv\/distributors\/","og_site_name":"Stirlings Global","article_modified_time":"2024-06-07T09:30:35+00:00","twitter_card":"summary_large_image","twitter_misc":{"Ber\u00e4knad l\u00e4stid":"1 minut"},"schema":{"@context":"https:\/\/schema.org","@graph":[{"@type":"WebPage","@id":"https:\/\/stirlingsglobal.com\/distributors\/","url":"https:\/\/stirlingsglobal.com\/distributors\/","name":"Distributors - Stirlings Global","isPartOf":{"@id":"https:\/\/stirlingsglobal.com\/#website"},"datePublished":"2024-04-26T10:12:22+00:00","dateModified":"2024-06-07T09:30:35+00:00","breadcrumb":{"@id":"https:\/\/stirlingsglobal.com\/distributors\/#breadcrumb"},"inLanguage":"sv-SE","potentialAction":[{"@type":"ReadAction","target":["https:\/\/stirlingsglobal.com\/distributors\/"]}]},{"@type":"BreadcrumbList","@id":"https:\/\/stirlingsglobal.com\/distributors\/#breadcrumb","itemListElement":[{"@type":"ListItem","position":1,"name":"Home","item":"https:\/\/stirlingsglobal.com\/"},{"@type":"ListItem","position":2,"name":"Distributors"}]},{"@type":"WebSite","@id":"https:\/\/stirlingsglobal.com\/#website","url":"https:\/\/stirlingsglobal.com\/","name":"Stirlings olja","description":"Legendariska sm\u00f6rjmedel","publisher":{"@id":"https:\/\/stirlingsglobal.com\/#organization"},"potentialAction":[{"@type":"SearchAction","target":{"@type":"EntryPoint","urlTemplate":"https:\/\/stirlingsglobal.com\/?s={search_term_string}"},"query-input":{"@type":"PropertyValueSpecification","valueRequired":true,"valueName":"search_term_string"}}],"inLanguage":"sv-SE"},{"@type":"Organization","@id":"https:\/\/stirlingsglobal.com\/#organization","name":"Stirlings olja","url":"https:\/\/stirlingsglobal.com\/","logo":{"@type":"ImageObject","inLanguage":"sv-SE","@id":"https:\/\/stirlingsglobal.com\/#\/schema\/logo\/image\/","url":"https:\/\/stirlingsglobal.com\/wp-content\/uploads\/2024\/03\/220228_STI_oplever_file_Logo_01.png","contentUrl":"https:\/\/stirlingsglobal.com\/wp-content\/uploads\/2024\/03\/220228_STI_oplever_file_Logo_01.png","width":2809,"height":1152,"caption":"Stirlings Oil"},"image":{"@id":"https:\/\/stirlingsglobal.com\/#\/schema\/logo\/image\/"},"sameAs":["https:\/\/www.instagram.com\/stirlingsoil\/"]}]}},"_links":{"self":[{"href":"https:\/\/stirlingsglobal.com\/sv\/wp-json\/wp\/v2\/pages\/2659","targetHints":{"allow":["GET"]}}],"collection":[{"href":"https:\/\/stirlingsglobal.com\/sv\/wp-json\/wp\/v2\/pages"}],"about":[{"href":"https:\/\/stirlingsglobal.com\/sv\/wp-json\/wp\/v2\/types\/page"}],"author":[{"embeddable":true,"href":"https:\/\/stirlingsglobal.com\/sv\/wp-json\/wp\/v2\/users\/1"}],"replies":[{"embeddable":true,"href":"https:\/\/stirlingsglobal.com\/sv\/wp-json\/wp\/v2\/comments?post=2659"}],"version-history":[{"count":31,"href":"https:\/\/stirlingsglobal.com\/sv\/wp-json\/wp\/v2\/pages\/2659\/revisions"}],"predecessor-version":[{"id":3279,"href":"https:\/\/stirlingsglobal.com\/sv\/wp-json\/wp\/v2\/pages\/2659\/revisions\/3279"}],"wp:attachment":[{"href":"https:\/\/stirlingsglobal.com\/sv\/wp-json\/wp\/v2\/media?parent=2659"}],"curies":[{"name":"wp","href":"https:\/\/api.w.org\/{rel}","templated":true}]}}