{"id":32,"date":"2024-03-15T10:42:42","date_gmt":"2024-03-15T10:42:42","guid":{"rendered":"https:\/\/stirlingsoil.com\/?page_id=32"},"modified":"2024-03-26T10:40:06","modified_gmt":"2024-03-26T10:40:06","slug":"privacy-policy","status":"publish","type":"page","link":"https:\/\/stirlingsglobal.com\/sv\/privacy-policy\/","title":{"rendered":"Integritetspolicy"},"content":{"rendered":"<div data-elementor-type=\"wp-page\" data-elementor-id=\"32\" class=\"elementor elementor-32\" wpc-filter-elementor-widget=\"1\" data-elementor-post-type=\"page\">\n\t\t\t\t<div class=\"elementor-element elementor-element-647a3cd e-flex e-con-boxed e-con e-parent\" data-id=\"647a3cd\" data-element_type=\"container\" data-e-type=\"container\">\n\t\t\t\t\t<div class=\"e-con-inner\">\n\t\t\t\t<div class=\"elementor-element elementor-element-a85f4d9 elementor-widget elementor-widget-text-editor\" data-id=\"a85f4d9\" data-element_type=\"widget\" data-e-type=\"widget\" data-widget_type=\"text-editor.default\">\n\t\t\t\t<div class=\"elementor-widget-container\">\n\t\t\t\t\t\t\t\t\t<div>P\u00e5 Stirlings Oil \u00e4r vi medvetna om att du som bes\u00f6kare i vissa fall tror p\u00e5 att vi hanterar dina personuppgifter. Vi ser det som v\u00e5rt grundl\u00e4ggande ansvar att alltid skydda din integritet. P\u00e5 den h\u00e4r sidan kommer vi att visa dig vilken specifik data om dig som samlas in av v\u00e5r webbplats(er) och vad den anv\u00e4nds till. I alla fall \u00e4r v\u00e5rt m\u00e5l alltid att f\u00f6rb\u00e4ttra din upplevelse som bes\u00f6kare p\u00e5 v\u00e5r webbplats och Stirlings Oil-tj\u00e4nster.<\/div><p>\u00a0<\/p><div>Denna sekretesspolicy \u00e4r till\u00e4mplig p\u00e5 tj\u00e4nsterna fr\u00e5n Stirlings Oil. Observera att Stirlings Oil inte \u00e4r ansvarig f\u00f6r hur andra webbplatser eller datak\u00e4llor hanterar din personliga integritet. Genom att anv\u00e4nda v\u00e5r webbplats och acceptera v\u00e5ra cookieinst\u00e4llningar godk\u00e4nner du v\u00e5r integritetspolicy.<\/div><p>\u00a0<\/p><div>Stirlings Oil respekterar integriteten f\u00f6r varje relation och bes\u00f6kare p\u00e5 v\u00e5ra webbplatser och ser till att alltid hantera denna information p\u00e5 ett konfidentiellt s\u00e4tt.<\/div><p>\u00a0<\/p><div>Var anv\u00e4nder vi uppgifterna till?<\/div><p>\u00a0<\/p><div>1. Anv\u00e4ndning av v\u00e5ra tj\u00e4nster:<\/div><div>N\u00e4rhelst du ans\u00f6ker om information f\u00f6r en eller flera av v\u00e5ra produkter eller tj\u00e4nster kan vi be dig att f\u00f6rse oss med vissa personuppgifter. Dessa uppgifter anv\u00e4nds endast f\u00f6r att uppfylla din beg\u00e4ran p\u00e5 b\u00e4sta s\u00e4tt. Uppgifterna lagras p\u00e5 en s\u00e4ker server hos en betrodd partner till Stirlings Oil. Vi kommer inte att kombinera denna data med n\u00e5gon annan data vi har tillg\u00e5ng till, annat \u00e4n att hj\u00e4lpa dig p\u00e5 b\u00e4sta s\u00e4tt med din f\u00f6rfr\u00e5gan.<\/div><p>\u00a0<\/p><div>2. Kommunikation:<\/div><div>N\u00e4rhelst du skickar e-post till oss, eller anv\u00e4nder n\u00e5got annat medium f\u00f6r att kontakta oss, finns det en m\u00f6jlighet att vi sparar din kommunikation. I vissa fall ber vi om dina personuppgifter om dessa \u00e4r relevanta i den givna situationen. Detta \u00e4r n\u00f6dv\u00e4ndigt f\u00f6r att vi ska kunna behandla din f\u00f6rfr\u00e5gan och svara p\u00e5 dina fr\u00e5gor. Uppgifterna lagras p\u00e5 en s\u00e4ker server hos en betrodd partner till Stirlings Oil. Vi kommer inte att kombinera denna data med n\u00e5gon annan data vi har tillg\u00e5ng till, annat \u00e4n att hj\u00e4lpa dig p\u00e5 b\u00e4sta s\u00e4tt med din f\u00f6rfr\u00e5gan.<\/div><p>\u00a0<\/p><div>3. Cookies<\/div><div>Stirlings Oil samlar in information fr\u00e5n ditt bes\u00f6k p\u00e5 webbplatsen f\u00f6r att f\u00f6rb\u00e4ttra v\u00e5r insikt om v\u00e5ra bes\u00f6kares behov och \u00f6nskem\u00e5l och f\u00f6rb\u00e4ttra anv\u00e4ndbarheten. P\u00e5 s\u00e5 s\u00e4tt kan vi b\u00e4ttre anpassa v\u00e5ra tj\u00e4nster till dig. V\u00e5ra webbplatser anv\u00e4nder cookies (sm\u00e5 textfiler som placeras p\u00e5 din dator) f\u00f6r att analysera webbplatsanv\u00e4ndningen. Informationen som genereras av v\u00e5ra cookies om anv\u00e4ndningen av v\u00e5r webbplats skickas till en s\u00e4ker server hos v\u00e5r betrodda partner. Vi anv\u00e4nder dessa uppgifter f\u00f6r att h\u00e5lla reda p\u00e5 hur du som bes\u00f6kare anv\u00e4nder v\u00e5r webbplats, f\u00f6r att skapa rapporter om webbplatsanv\u00e4ndning och f\u00f6r att erbjuda andra tj\u00e4nster baserade p\u00e5 webbplats- och internetaktivitet. Du kan l\u00e4sa mer om v\u00e5ra cookies i v\u00e5rt Cookie Statement.<\/div><p>\u00a0<\/p><div>4. Syfte<\/div><div>Vi samlar inte in data f\u00f6r andra \u00e4ndam\u00e5l \u00e4n de som beskrivs i denna integritetspolicy om vi inte specifikt informerar dig om detta och ber om ditt tillst\u00e5nd.<\/div><p>\u00a0<\/p><div>5. Varaktighet<\/div><div>Vi sparar dina personuppgifter i enlighet med v\u00e5r interna policy f\u00f6r datalagring (se cookie statement) eller s\u00e5 l\u00e4nge det finns en relevant relation mellan dig och v\u00e5rt f\u00f6retag eller hur l\u00e4nge vi \u00e4r juridiskt skyldiga att beh\u00e5lla uppgifterna.<\/div><p>\u00a0<\/p><div>6. Tredje part<\/div><div>Informationen delas inte med andra tredje parter \u00e4n officiella auktoriserade Stirlings Oil-partners som vi har kommit \u00f6verens om ett partneravtal med. I vissa fall kan din information delas internt inom Stirlings Oil. V\u00e5ra kollegor \u00e4r ocks\u00e5 skyldiga att respektera din integritet n\u00e4r som helst.<\/div><p>\u00a0<\/p><div>7. \u00c4ndringar<\/div><div>Denna integritetspolicy \u00e4r anpassad till anv\u00e4ndningen och m\u00f6jligheterna f\u00f6r denna webbplats. Eventuella \u00e4ndringar eller justeringar av denna webbplats kan leda till \u00e4ndringar i denna integritetspolicy. Vi r\u00e5der dig d\u00e4rf\u00f6r att regelbundet kontrollera denna integritetspolicy.<\/div><p>\u00a0<\/p><div>8. Alternativ f\u00f6r personuppgifter<\/div><div>Vi erbjuder alla bes\u00f6kare p\u00e5 v\u00e5ra webbplatser m\u00f6jligheten att granska, \u00e4ndra eller radera all personlig information som f\u00f6r n\u00e4rvarande tillhandah\u00e5lls till Stirlings Oil<\/div><p>\u00a0<\/p><div>9. \u00c4ndra data eller avregistrera dig<\/div><div>N\u00e4rhelst du vill \u00e4ndra dina data lagrade p\u00e5 v\u00e5r s\u00e4kra server eller du vill avregistrera dig fr\u00e5n v\u00e5ra e-postlistor eller andra kommunikationsmedel, kan du alltid kontakta oss via kontaktuppgifterna nedan.<\/div><p>\u00a0<\/p><div>10. St\u00e4ng av cookies<\/div><div>De flesta webbl\u00e4sare \u00e4r inst\u00e4llda p\u00e5 att acceptera cookies som standard. Du kan alltid \u00e5terst\u00e4lla dina webbl\u00e4sarinst\u00e4llningar f\u00f6r att avvisa cookies eller att alltid f\u00e5 ett meddelande n\u00e4r en cookie placeras. Som ett resultat av detta kan vissa funktioner eller tj\u00e4nster p\u00e5 v\u00e5r webbplats inte fungera korrekt p\u00e5 grund av de \u00e4ndrade cookieinst\u00e4llningarna.<\/div><p>\u00a0<\/p><div>11. Inga uppgifter om personer under 16 \u00e5r<\/div><div>Vi har inte f\u00f6r avsikt att samla in data om personer som \u00e4r yngre \u00e4n 16 \u00e5r. Vi r\u00e5der f\u00f6r\u00e4ldrar eller ansvariga \u00e4ldre att vara med och vara medvetna om sina barns onlineaktiviteter.<\/div><p>\u00a0<\/p><div>12. Skydd och s\u00e4kerhet f\u00f6r dina uppgifter<\/div><div>Stirlings Oil till\u00e4mpar passande och rimliga s\u00e4kerhets\u00e5tg\u00e4rder f\u00f6r att f\u00f6rhindra missbruk, f\u00f6rlust, olaglig \u00e5tkomst, o\u00f6nskad publicering eller oregelbundna \u00e4ndringar av dina data s\u00e5 mycket som m\u00f6jligt. Stirlings Oil har b\u00e5de organisatoriska och tekniska \u00e5tg\u00e4rder p\u00e5 plats f\u00f6r att s\u00e4kra din integritet. Dessa \u00e5tg\u00e4rder ses \u00f6ver regelbundet.<\/div><p>\u00a0<\/p><div>13. Fr\u00e5gor och feedback<\/div><div>P\u00e5 Stirlings Oil kontrollerar vi regelbundet v\u00e5r integritetspolicy och kontrollerar om den fortfarande \u00e4r kompatibel med de senaste integritetsbest\u00e4mmelserna enligt lag. Om du har n\u00e5gra fr\u00e5gor om v\u00e5r integritetspolicy eller hur v\u00e5r webbplats fungerar p\u00e5 grund av dessa inst\u00e4llningar kan du kontakta oss via:<\/div><p>\u00a0<\/p><div>Stirlings olja<\/div><p>\u00a0<\/p><div>info@stirlingsoil.com<\/div>\t\t\t\t\t\t\t\t<\/div>\n\t\t\t\t<\/div>\n\t\t\t\t\t<\/div>\n\t\t\t\t<\/div>\n\t\t\t\t<\/div>","protected":false},"excerpt":{"rendered":"<p>At Stirlings Oil, we are conscious of the fact that, in some cases you as a visitor put faith in us to handle your personal data. We see it as our essential responsibility to always protect your privacy. On this page we will show you what specific data of you is collected by our website(s) [&hellip;]<\/p>\n","protected":false},"author":1,"featured_media":0,"parent":0,"menu_order":0,"comment_status":"closed","ping_status":"closed","template":"","meta":{"_acf_changed":false,"footnotes":""},"class_list":["post-32","page","type-page","status-publish","hentry"],"acf":[],"yoast_head":"<!-- This site is optimized with the Yoast SEO plugin v27.5 - https:\/\/yoast.com\/product\/yoast-seo-wordpress\/ -->\n<title>Privacy Policy - Stirlings Global<\/title>\n<meta name=\"robots\" content=\"index, follow, max-snippet:-1, max-image-preview:large, max-video-preview:-1\" \/>\n<link rel=\"canonical\" href=\"https:\/\/stirlingsglobal.com\/sv\/privacy-policy\/\" \/>\n<meta property=\"og:locale\" content=\"sv_SE\" \/>\n<meta property=\"og:type\" content=\"article\" \/>\n<meta property=\"og:title\" content=\"Privacy Policy - Stirlings Global\" \/>\n<meta property=\"og:description\" content=\"At Stirlings Oil, we are conscious of the fact that, in some cases you as a visitor put faith in us to handle your personal data. We see it as our essential responsibility to always protect your privacy. On this page we will show you what specific data of you is collected by our website(s) [&hellip;]\" \/>\n<meta property=\"og:url\" content=\"https:\/\/stirlingsglobal.com\/sv\/privacy-policy\/\" \/>\n<meta property=\"og:site_name\" content=\"Stirlings Global\" \/>\n<meta property=\"article:modified_time\" content=\"2024-03-26T10:40:06+00:00\" \/>\n<meta name=\"twitter:card\" content=\"summary_large_image\" \/>\n<meta name=\"twitter:label1\" content=\"Ber\u00e4knad l\u00e4stid\" \/>\n\t<meta name=\"twitter:data1\" content=\"4 minuter\" \/>\n<script type=\"application\/ld+json\" class=\"yoast-schema-graph\">{\"@context\":\"https:\\\/\\\/schema.org\",\"@graph\":[{\"@type\":\"WebPage\",\"@id\":\"https:\\\/\\\/stirlingsglobal.com\\\/privacy-policy\\\/\",\"url\":\"https:\\\/\\\/stirlingsglobal.com\\\/privacy-policy\\\/\",\"name\":\"Privacy Policy - Stirlings Global\",\"isPartOf\":{\"@id\":\"https:\\\/\\\/stirlingsglobal.com\\\/#website\"},\"datePublished\":\"2024-03-15T10:42:42+00:00\",\"dateModified\":\"2024-03-26T10:40:06+00:00\",\"breadcrumb\":{\"@id\":\"https:\\\/\\\/stirlingsglobal.com\\\/privacy-policy\\\/#breadcrumb\"},\"inLanguage\":\"sv-SE\",\"potentialAction\":[{\"@type\":\"ReadAction\",\"target\":[\"https:\\\/\\\/stirlingsglobal.com\\\/privacy-policy\\\/\"]}]},{\"@type\":\"BreadcrumbList\",\"@id\":\"https:\\\/\\\/stirlingsglobal.com\\\/privacy-policy\\\/#breadcrumb\",\"itemListElement\":[{\"@type\":\"ListItem\",\"position\":1,\"name\":\"Home\",\"item\":\"https:\\\/\\\/stirlingsglobal.com\\\/\"},{\"@type\":\"ListItem\",\"position\":2,\"name\":\"Privacy Policy\"}]},{\"@type\":\"WebSite\",\"@id\":\"https:\\\/\\\/stirlingsglobal.com\\\/#website\",\"url\":\"https:\\\/\\\/stirlingsglobal.com\\\/\",\"name\":\"Stirlings Oil\",\"description\":\"Legendary lubricants\",\"publisher\":{\"@id\":\"https:\\\/\\\/stirlingsglobal.com\\\/#organization\"},\"potentialAction\":[{\"@type\":\"SearchAction\",\"target\":{\"@type\":\"EntryPoint\",\"urlTemplate\":\"https:\\\/\\\/stirlingsglobal.com\\\/?s={search_term_string}\"},\"query-input\":{\"@type\":\"PropertyValueSpecification\",\"valueRequired\":true,\"valueName\":\"search_term_string\"}}],\"inLanguage\":\"sv-SE\"},{\"@type\":\"Organization\",\"@id\":\"https:\\\/\\\/stirlingsglobal.com\\\/#organization\",\"name\":\"Stirlings Oil\",\"url\":\"https:\\\/\\\/stirlingsglobal.com\\\/\",\"logo\":{\"@type\":\"ImageObject\",\"inLanguage\":\"sv-SE\",\"@id\":\"https:\\\/\\\/stirlingsglobal.com\\\/#\\\/schema\\\/logo\\\/image\\\/\",\"url\":\"https:\\\/\\\/stirlingsglobal.com\\\/wp-content\\\/uploads\\\/2024\\\/03\\\/220228_STI_oplever_file_Logo_01.png\",\"contentUrl\":\"https:\\\/\\\/stirlingsglobal.com\\\/wp-content\\\/uploads\\\/2024\\\/03\\\/220228_STI_oplever_file_Logo_01.png\",\"width\":2809,\"height\":1152,\"caption\":\"Stirlings Oil\"},\"image\":{\"@id\":\"https:\\\/\\\/stirlingsglobal.com\\\/#\\\/schema\\\/logo\\\/image\\\/\"},\"sameAs\":[\"https:\\\/\\\/www.instagram.com\\\/stirlingsoil\\\/\"]}]}<\/script>\n<!-- \/ Yoast SEO plugin. -->","yoast_head_json":{"title":"Privacy Policy - Stirlings Global","robots":{"index":"index","follow":"follow","max-snippet":"max-snippet:-1","max-image-preview":"max-image-preview:large","max-video-preview":"max-video-preview:-1"},"canonical":"https:\/\/stirlingsglobal.com\/sv\/privacy-policy\/","og_locale":"sv_SE","og_type":"article","og_title":"Privacy Policy - Stirlings Global","og_description":"At Stirlings Oil, we are conscious of the fact that, in some cases you as a visitor put faith in us to handle your personal data. We see it as our essential responsibility to always protect your privacy. On this page we will show you what specific data of you is collected by our website(s) [&hellip;]","og_url":"https:\/\/stirlingsglobal.com\/sv\/privacy-policy\/","og_site_name":"Stirlings Global","article_modified_time":"2024-03-26T10:40:06+00:00","twitter_card":"summary_large_image","twitter_misc":{"Ber\u00e4knad l\u00e4stid":"4 minuter"},"schema":{"@context":"https:\/\/schema.org","@graph":[{"@type":"WebPage","@id":"https:\/\/stirlingsglobal.com\/privacy-policy\/","url":"https:\/\/stirlingsglobal.com\/privacy-policy\/","name":"Privacy Policy - Stirlings Global","isPartOf":{"@id":"https:\/\/stirlingsglobal.com\/#website"},"datePublished":"2024-03-15T10:42:42+00:00","dateModified":"2024-03-26T10:40:06+00:00","breadcrumb":{"@id":"https:\/\/stirlingsglobal.com\/privacy-policy\/#breadcrumb"},"inLanguage":"sv-SE","potentialAction":[{"@type":"ReadAction","target":["https:\/\/stirlingsglobal.com\/privacy-policy\/"]}]},{"@type":"BreadcrumbList","@id":"https:\/\/stirlingsglobal.com\/privacy-policy\/#breadcrumb","itemListElement":[{"@type":"ListItem","position":1,"name":"Home","item":"https:\/\/stirlingsglobal.com\/"},{"@type":"ListItem","position":2,"name":"Privacy Policy"}]},{"@type":"WebSite","@id":"https:\/\/stirlingsglobal.com\/#website","url":"https:\/\/stirlingsglobal.com\/","name":"Stirlings olja","description":"Legendariska sm\u00f6rjmedel","publisher":{"@id":"https:\/\/stirlingsglobal.com\/#organization"},"potentialAction":[{"@type":"SearchAction","target":{"@type":"EntryPoint","urlTemplate":"https:\/\/stirlingsglobal.com\/?s={search_term_string}"},"query-input":{"@type":"PropertyValueSpecification","valueRequired":true,"valueName":"search_term_string"}}],"inLanguage":"sv-SE"},{"@type":"Organization","@id":"https:\/\/stirlingsglobal.com\/#organization","name":"Stirlings olja","url":"https:\/\/stirlingsglobal.com\/","logo":{"@type":"ImageObject","inLanguage":"sv-SE","@id":"https:\/\/stirlingsglobal.com\/#\/schema\/logo\/image\/","url":"https:\/\/stirlingsglobal.com\/wp-content\/uploads\/2024\/03\/220228_STI_oplever_file_Logo_01.png","contentUrl":"https:\/\/stirlingsglobal.com\/wp-content\/uploads\/2024\/03\/220228_STI_oplever_file_Logo_01.png","width":2809,"height":1152,"caption":"Stirlings Oil"},"image":{"@id":"https:\/\/stirlingsglobal.com\/#\/schema\/logo\/image\/"},"sameAs":["https:\/\/www.instagram.com\/stirlingsoil\/"]}]}},"_links":{"self":[{"href":"https:\/\/stirlingsglobal.com\/sv\/wp-json\/wp\/v2\/pages\/32","targetHints":{"allow":["GET"]}}],"collection":[{"href":"https:\/\/stirlingsglobal.com\/sv\/wp-json\/wp\/v2\/pages"}],"about":[{"href":"https:\/\/stirlingsglobal.com\/sv\/wp-json\/wp\/v2\/types\/page"}],"author":[{"embeddable":true,"href":"https:\/\/stirlingsglobal.com\/sv\/wp-json\/wp\/v2\/users\/1"}],"replies":[{"embeddable":true,"href":"https:\/\/stirlingsglobal.com\/sv\/wp-json\/wp\/v2\/comments?post=32"}],"version-history":[{"count":13,"href":"https:\/\/stirlingsglobal.com\/sv\/wp-json\/wp\/v2\/pages\/32\/revisions"}],"predecessor-version":[{"id":1329,"href":"https:\/\/stirlingsglobal.com\/sv\/wp-json\/wp\/v2\/pages\/32\/revisions\/1329"}],"wp:attachment":[{"href":"https:\/\/stirlingsglobal.com\/sv\/wp-json\/wp\/v2\/media?parent=32"}],"curies":[{"name":"wp","href":"https:\/\/api.w.org\/{rel}","templated":true}]}}