{"id":34,"date":"2024-03-15T10:42:47","date_gmt":"2024-03-15T10:42:47","guid":{"rendered":"https:\/\/stirlingsoil.com\/?page_id=34"},"modified":"2024-03-26T10:40:54","modified_gmt":"2024-03-26T10:40:54","slug":"disclaimer","status":"publish","type":"page","link":"https:\/\/stirlingsglobal.com\/sv\/disclaimer\/","title":{"rendered":"varning"},"content":{"rendered":"<div data-elementor-type=\"wp-page\" data-elementor-id=\"34\" class=\"elementor elementor-34\" wpc-filter-elementor-widget=\"1\" data-elementor-post-type=\"page\">\n\t\t\t\t<div class=\"elementor-element elementor-element-1a2b1ae e-flex e-con-boxed e-con e-parent\" data-id=\"1a2b1ae\" data-element_type=\"container\" data-e-type=\"container\">\n\t\t\t\t\t<div class=\"e-con-inner\">\n\t\t\t\t<div class=\"elementor-element elementor-element-6c10ee4 elementor-widget elementor-widget-text-editor\" data-id=\"6c10ee4\" data-element_type=\"widget\" data-e-type=\"widget\" data-widget_type=\"text-editor.default\">\n\t\t\t\t<div class=\"elementor-widget-container\">\n\t\t\t\t\t\t\t\t\t<div>Denna webbplats och all information p\u00e5 denna webbplats inneh\u00e5ller begr\u00e4nsad och\/eller privilegierad information och \u00e4r endast avsedd f\u00f6r auktoriserad unders\u00f6kning och\/eller konfidentiell presentation efter CCMG:s gottfinnande. Om du inte \u00e4r den avsedda observat\u00f6ren av denna webbplats, f\u00e5r du inte sprida, modifiera, kopiera\/plagiatisera eller vidta \u00e5tg\u00e4rder i \u00e5beropande av den, s\u00e5vida det inte \u00e4r till\u00e5tet av Stirlings Oil. Inget av materialet som tillhandah\u00e5lls p\u00e5 denna webbplats f\u00e5r anv\u00e4ndas, reproduceras eller \u00f6verf\u00f6ras, i n\u00e5gon form eller p\u00e5 n\u00e5got s\u00e4tt, elektroniskt eller mekaniskt, utan skriftligt tillst\u00e5nd fr\u00e5n CCMG.<\/div><div>Car Care Management group tar inget som helst ansvar, oavsett om det orsakats av:<\/div><div>\u00c5tkomst till eller andra relaterade \u00e5tg\u00e4rder till denna webbplats.<\/div><div>Alla l\u00e4nkar och\/eller material som tillhandah\u00e5lls\/bifogas till denna webbplats. Alla anstr\u00e4ngningar g\u00f6rs f\u00f6r att h\u00e5lla webbplatsen ig\u00e5ng och fungera smidigt. CCMG tar dock inget ansvar f\u00f6r och kommer inte att h\u00e5llas ansvarigt f\u00f6r att webbplatsen \u00e4r tillf\u00e4lligt otillg\u00e4nglig p\u00e5 grund av tekniska problem utanf\u00f6r v\u00e5r kontroll.<\/div><div>Alla r\u00e4ttigheter f\u00f6rbeh\u00e5llna.<\/div>\t\t\t\t\t\t\t\t<\/div>\n\t\t\t\t<\/div>\n\t\t\t\t\t<\/div>\n\t\t\t\t<\/div>\n\t\t\t\t<\/div>","protected":false},"excerpt":{"rendered":"<p>This website and any information on this website, contains restricted and\/or privileged information and is intended only for authorized screening and\/or confidential presentation at the CCMG discretion. If you are not the intended observer of this website, you must not disseminate, modify, copy\/plagiarize or take action in reliance upon it, unless permitted by Stirlings Oil [&hellip;]<\/p>\n","protected":false},"author":1,"featured_media":0,"parent":0,"menu_order":0,"comment_status":"closed","ping_status":"closed","template":"","meta":{"_acf_changed":false,"footnotes":""},"class_list":["post-34","page","type-page","status-publish","hentry"],"acf":[],"yoast_head":"<!-- This site is optimized with the Yoast SEO plugin v27.5 - https:\/\/yoast.com\/product\/yoast-seo-wordpress\/ -->\n<title>Disclaimer - Stirlings Global<\/title>\n<meta name=\"robots\" content=\"index, follow, max-snippet:-1, max-image-preview:large, max-video-preview:-1\" \/>\n<link rel=\"canonical\" href=\"https:\/\/stirlingsglobal.com\/sv\/disclaimer\/\" \/>\n<meta property=\"og:locale\" content=\"sv_SE\" \/>\n<meta property=\"og:type\" content=\"article\" \/>\n<meta property=\"og:title\" content=\"Disclaimer - Stirlings Global\" \/>\n<meta property=\"og:description\" content=\"This website and any information on this website, contains restricted and\/or privileged information and is intended only for authorized screening and\/or confidential presentation at the CCMG discretion. If you are not the intended observer of this website, you must not disseminate, modify, copy\/plagiarize or take action in reliance upon it, unless permitted by Stirlings Oil [&hellip;]\" \/>\n<meta property=\"og:url\" content=\"https:\/\/stirlingsglobal.com\/sv\/disclaimer\/\" \/>\n<meta property=\"og:site_name\" content=\"Stirlings Global\" \/>\n<meta property=\"article:modified_time\" content=\"2024-03-26T10:40:54+00:00\" \/>\n<meta name=\"twitter:card\" content=\"summary_large_image\" \/>\n<script type=\"application\/ld+json\" class=\"yoast-schema-graph\">{\"@context\":\"https:\\\/\\\/schema.org\",\"@graph\":[{\"@type\":\"WebPage\",\"@id\":\"https:\\\/\\\/stirlingsglobal.com\\\/disclaimer\\\/\",\"url\":\"https:\\\/\\\/stirlingsglobal.com\\\/disclaimer\\\/\",\"name\":\"Disclaimer - Stirlings Global\",\"isPartOf\":{\"@id\":\"https:\\\/\\\/stirlingsglobal.com\\\/#website\"},\"datePublished\":\"2024-03-15T10:42:47+00:00\",\"dateModified\":\"2024-03-26T10:40:54+00:00\",\"breadcrumb\":{\"@id\":\"https:\\\/\\\/stirlingsglobal.com\\\/disclaimer\\\/#breadcrumb\"},\"inLanguage\":\"sv-SE\",\"potentialAction\":[{\"@type\":\"ReadAction\",\"target\":[\"https:\\\/\\\/stirlingsglobal.com\\\/disclaimer\\\/\"]}]},{\"@type\":\"BreadcrumbList\",\"@id\":\"https:\\\/\\\/stirlingsglobal.com\\\/disclaimer\\\/#breadcrumb\",\"itemListElement\":[{\"@type\":\"ListItem\",\"position\":1,\"name\":\"Home\",\"item\":\"https:\\\/\\\/stirlingsglobal.com\\\/\"},{\"@type\":\"ListItem\",\"position\":2,\"name\":\"Disclaimer\"}]},{\"@type\":\"WebSite\",\"@id\":\"https:\\\/\\\/stirlingsglobal.com\\\/#website\",\"url\":\"https:\\\/\\\/stirlingsglobal.com\\\/\",\"name\":\"Stirlings Oil\",\"description\":\"Legendary lubricants\",\"publisher\":{\"@id\":\"https:\\\/\\\/stirlingsglobal.com\\\/#organization\"},\"potentialAction\":[{\"@type\":\"SearchAction\",\"target\":{\"@type\":\"EntryPoint\",\"urlTemplate\":\"https:\\\/\\\/stirlingsglobal.com\\\/?s={search_term_string}\"},\"query-input\":{\"@type\":\"PropertyValueSpecification\",\"valueRequired\":true,\"valueName\":\"search_term_string\"}}],\"inLanguage\":\"sv-SE\"},{\"@type\":\"Organization\",\"@id\":\"https:\\\/\\\/stirlingsglobal.com\\\/#organization\",\"name\":\"Stirlings Oil\",\"url\":\"https:\\\/\\\/stirlingsglobal.com\\\/\",\"logo\":{\"@type\":\"ImageObject\",\"inLanguage\":\"sv-SE\",\"@id\":\"https:\\\/\\\/stirlingsglobal.com\\\/#\\\/schema\\\/logo\\\/image\\\/\",\"url\":\"https:\\\/\\\/stirlingsglobal.com\\\/wp-content\\\/uploads\\\/2024\\\/03\\\/220228_STI_oplever_file_Logo_01.png\",\"contentUrl\":\"https:\\\/\\\/stirlingsglobal.com\\\/wp-content\\\/uploads\\\/2024\\\/03\\\/220228_STI_oplever_file_Logo_01.png\",\"width\":2809,\"height\":1152,\"caption\":\"Stirlings Oil\"},\"image\":{\"@id\":\"https:\\\/\\\/stirlingsglobal.com\\\/#\\\/schema\\\/logo\\\/image\\\/\"},\"sameAs\":[\"https:\\\/\\\/www.instagram.com\\\/stirlingsoil\\\/\"]}]}<\/script>\n<!-- \/ Yoast SEO plugin. -->","yoast_head_json":{"title":"Disclaimer - Stirlings Global","robots":{"index":"index","follow":"follow","max-snippet":"max-snippet:-1","max-image-preview":"max-image-preview:large","max-video-preview":"max-video-preview:-1"},"canonical":"https:\/\/stirlingsglobal.com\/sv\/disclaimer\/","og_locale":"sv_SE","og_type":"article","og_title":"Disclaimer - Stirlings Global","og_description":"This website and any information on this website, contains restricted and\/or privileged information and is intended only for authorized screening and\/or confidential presentation at the CCMG discretion. If you are not the intended observer of this website, you must not disseminate, modify, copy\/plagiarize or take action in reliance upon it, unless permitted by Stirlings Oil [&hellip;]","og_url":"https:\/\/stirlingsglobal.com\/sv\/disclaimer\/","og_site_name":"Stirlings Global","article_modified_time":"2024-03-26T10:40:54+00:00","twitter_card":"summary_large_image","schema":{"@context":"https:\/\/schema.org","@graph":[{"@type":"WebPage","@id":"https:\/\/stirlingsglobal.com\/disclaimer\/","url":"https:\/\/stirlingsglobal.com\/disclaimer\/","name":"Disclaimer - Stirlings Global","isPartOf":{"@id":"https:\/\/stirlingsglobal.com\/#website"},"datePublished":"2024-03-15T10:42:47+00:00","dateModified":"2024-03-26T10:40:54+00:00","breadcrumb":{"@id":"https:\/\/stirlingsglobal.com\/disclaimer\/#breadcrumb"},"inLanguage":"sv-SE","potentialAction":[{"@type":"ReadAction","target":["https:\/\/stirlingsglobal.com\/disclaimer\/"]}]},{"@type":"BreadcrumbList","@id":"https:\/\/stirlingsglobal.com\/disclaimer\/#breadcrumb","itemListElement":[{"@type":"ListItem","position":1,"name":"Home","item":"https:\/\/stirlingsglobal.com\/"},{"@type":"ListItem","position":2,"name":"Disclaimer"}]},{"@type":"WebSite","@id":"https:\/\/stirlingsglobal.com\/#website","url":"https:\/\/stirlingsglobal.com\/","name":"Stirlings olja","description":"Legendariska sm\u00f6rjmedel","publisher":{"@id":"https:\/\/stirlingsglobal.com\/#organization"},"potentialAction":[{"@type":"SearchAction","target":{"@type":"EntryPoint","urlTemplate":"https:\/\/stirlingsglobal.com\/?s={search_term_string}"},"query-input":{"@type":"PropertyValueSpecification","valueRequired":true,"valueName":"search_term_string"}}],"inLanguage":"sv-SE"},{"@type":"Organization","@id":"https:\/\/stirlingsglobal.com\/#organization","name":"Stirlings olja","url":"https:\/\/stirlingsglobal.com\/","logo":{"@type":"ImageObject","inLanguage":"sv-SE","@id":"https:\/\/stirlingsglobal.com\/#\/schema\/logo\/image\/","url":"https:\/\/stirlingsglobal.com\/wp-content\/uploads\/2024\/03\/220228_STI_oplever_file_Logo_01.png","contentUrl":"https:\/\/stirlingsglobal.com\/wp-content\/uploads\/2024\/03\/220228_STI_oplever_file_Logo_01.png","width":2809,"height":1152,"caption":"Stirlings Oil"},"image":{"@id":"https:\/\/stirlingsglobal.com\/#\/schema\/logo\/image\/"},"sameAs":["https:\/\/www.instagram.com\/stirlingsoil\/"]}]}},"_links":{"self":[{"href":"https:\/\/stirlingsglobal.com\/sv\/wp-json\/wp\/v2\/pages\/34","targetHints":{"allow":["GET"]}}],"collection":[{"href":"https:\/\/stirlingsglobal.com\/sv\/wp-json\/wp\/v2\/pages"}],"about":[{"href":"https:\/\/stirlingsglobal.com\/sv\/wp-json\/wp\/v2\/types\/page"}],"author":[{"embeddable":true,"href":"https:\/\/stirlingsglobal.com\/sv\/wp-json\/wp\/v2\/users\/1"}],"replies":[{"embeddable":true,"href":"https:\/\/stirlingsglobal.com\/sv\/wp-json\/wp\/v2\/comments?post=34"}],"version-history":[{"count":7,"href":"https:\/\/stirlingsglobal.com\/sv\/wp-json\/wp\/v2\/pages\/34\/revisions"}],"predecessor-version":[{"id":1332,"href":"https:\/\/stirlingsglobal.com\/sv\/wp-json\/wp\/v2\/pages\/34\/revisions\/1332"}],"wp:attachment":[{"href":"https:\/\/stirlingsglobal.com\/sv\/wp-json\/wp\/v2\/media?parent=34"}],"curies":[{"name":"wp","href":"https:\/\/api.w.org\/{rel}","templated":true}]}}